{"id":21,"date":"2016-10-02T18:47:23","date_gmt":"2016-10-02T13:47:23","guid":{"rendered":"http:\/\/yusif.az\/main\/?page_id=21"},"modified":"2023-12-28T17:15:07","modified_gmt":"2023-12-28T13:15:07","slug":"info-%c9%99laq%c9%99-salam-%c9%99ziz-dostlar-bu-sayti-yaratmaqda-m%c9%99qs%c9%99dim-bildikl%c9%99rimi-m%c9%99nd%c9%99-olan-m%c9%99lumatlari-sizl%c9%99r%c9%99-catdirmaqdi-ist%c9%99r-video-olsun-ist","status":"publish","type":"page","link":"https:\/\/yusif.az\/main\/?page_id=21","title":{"rendered":"\u0130NFO \/ \u018fLAQ\u018f"},"content":{"rendered":"<blockquote>\n<h1><strong>Salam \u0259ziz dostlar!<\/strong><\/h1>\n<h4><span style=\"color: #800080;\"><strong>Bu sayt\u0131 yaratmaqda m\u0259qs\u0259dim bildikl\u0259rimi, m\u0259nd\u0259 olan m\u0259lumatlar\u0131 sizl\u0259r\u0259 \u00e7atd\u0131rmaqd\u0131.\u0130st\u0259r video olsun ist\u0259r adi yaz\u0131 il\u0259 payla\u015fd\u0131xlar\u0131m h\u0259r birini oyr\u0259tm\u0259k m\u0259qs\u0259di il\u0259 payla\u015f\u0131ram.<\/strong><\/span><\/h4>\n<h5><span style=\"color: #333399;\">Ozum haq\u0131nda onu dey\u0259 bil\u0259r\u0259mki m\u0259n Emin Ucarl\u0131 23.02.1985-ci ild\u0259 Ucar rayonun ****** k\u0259ndind\u0259 do\u011fulmu\u015fam.Orta t\u0259hsilimi d\u0259 bu k\u0259ndd\u0259 alib 2002-c\u00fc ild\u0259 BDU- ya daxil olmu\u015fam.Buran\u0131 bitirdikd\u0259n sora 2011-ci ild\u0259 ADPU-d\u0259 yenid\u0259n haz\u0131rlanma kursu ke\u00e7\u0259r\u0259k riyaziyyat v\u0259 informatika m\u00fc\u0259llimi ixtisas\u0131n\u0131 alm\u0131\u015fam.3 il m\u00fc\u0259llimlik f\u0259aliyy\u0259til\u0259 m\u0259\u015f\u011ful oldum.3 il is\u0259 d\u00f6vl\u0259t qullu\u011fu sah\u0259sind\u0259 f\u0259aliyy\u0259t g\u00f6st\u0259rdim.V\u0259 hal-haz\u0131rda IT M\u00fct\u0259x\u0259ssis v\u0259zif\u0259sind\u0259 \u00e7al\u0131\u015f\u0131ram.<\/span><\/h5>\n<h6 style=\"text-align: right;\"><span style=\"color: #008000;\"><strong>Sayt\u0131n ad\u0131 is\u0259 o\u011flum Yusifin ad\u0131 il\u0259 ba\u011fl\u0131d\u0131r<\/strong><\/span><\/h6>\n<h3 style=\"text-align: right;\"><span style=\"color: #ff0000;\"><strong>\u018flaq\u0259: <img loading=\"lazy\" decoding=\"async\" class=\"alignnone wp-image-6178\" src=\"https:\/\/yusif.az\/main\/wp-content\/uploads\/2021\/10\/images.jpg\" alt=\"\" width=\"62\" height=\"34\" srcset=\"https:\/\/yusif.az\/main\/wp-content\/uploads\/2021\/10\/images.jpg 303w, https:\/\/yusif.az\/main\/wp-content\/uploads\/2021\/10\/images-300x164.jpg 300w\" sizes=\"auto, (max-width: 62px) 100vw, 62px\" \/><a href=\"https:\/\/wa.me\/994702417166\">+994 70 241 71 66<\/a> \u00a0(Whatsap v\u0259 Telegram)<\/strong><\/span><\/h3>\n<h3 style=\"text-align: right;\"><span style=\"color: #ff0000;\"><strong>\u00a0 \u00a0 \u00a0 \u00a0 \u00a0 <img loading=\"lazy\" decoding=\"async\" class=\"alignnone wp-image-6593\" src=\"https:\/\/yusif.az\/main\/wp-content\/uploads\/2023\/04\/\u0411\u0435\u0437-\u043d\u0430\u0437\u0432\u0430\u043d\u0438\u044f.png\" alt=\"\" width=\"31\" height=\"31\" srcset=\"https:\/\/yusif.az\/main\/wp-content\/uploads\/2023\/04\/\u0411\u0435\u0437-\u043d\u0430\u0437\u0432\u0430\u043d\u0438\u044f.png 225w, https:\/\/yusif.az\/main\/wp-content\/uploads\/2023\/04\/\u0411\u0435\u0437-\u043d\u0430\u0437\u0432\u0430\u043d\u0438\u044f-150x150.png 150w\" sizes=\"auto, (max-width: 31px) 100vw, 31px\" \/> <a href=\"tel:+994552417166\">+994 55 241 71 66<\/a>\u00a0 (Z\u0259ng)<\/strong><\/span><\/h3>\n<p style=\"text-align: right;\">[QR size=&#8221;150&#215;150&#8243; link=&#8221;no&#8221;][\/QR]<\/p>\n<\/blockquote>\n<div style=\"margin: 20px 0;\"><div class=\"qrcswholewtapper\" style=\"text-align:left;\"><div class=\"qrcprowrapper\"  id=\"qrcwraa2leds\"><div class=\"qrc_canvass\" id=\"qrc_cuttenpages_2\" style=\"display:inline-block\" data-text=\"https:\/\/yusif.az\/main\/?page_id=21\"><\/div><div><a download=\"\u0130NFO \/ \u018fLAQ\u018f.png\" class=\"qrcdownloads\" id=\"worign\">\r\n           <button type=\"button\" style=\"min-width:110px;background:#44d813;color:#000;font-weight: 600;border: 1px solid #44d813;border-radius:20px;font-size:12px;padding: 6px 0;\" class=\"uqr_code_btn\">QR kodu Y\u00fckl\u0259 \ud83e\udc0b<\/button>\r\n           <\/a><\/div><\/div><\/div><\/div>","protected":false},"excerpt":{"rendered":"<p>Salam \u0259ziz dostlar! Bu sayt\u0131 yaratmaqda m\u0259qs\u0259dim bildikl\u0259rimi, m\u0259nd\u0259 olan m\u0259lumatlar\u0131 sizl\u0259r\u0259 \u00e7atd\u0131rmaqd\u0131.\u0130st\u0259r video olsun ist\u0259r adi yaz\u0131 il\u0259 payla\u015fd\u0131xlar\u0131m h\u0259r birini oyr\u0259tm\u0259k m\u0259qs\u0259di il\u0259 payla\u015f\u0131ram. Ozum haq\u0131nda onu dey\u0259 bil\u0259r\u0259mki m\u0259n Emin Ucarl\u0131 23.02.1985-ci ild\u0259 Ucar rayonun ****** k\u0259ndind\u0259 do\u011fulmu\u015fam.Orta t\u0259hsilimi d\u0259 bu k\u0259ndd\u0259 alib 2002-c\u00fc ild\u0259 BDU- ya daxil olmu\u015fam.Buran\u0131 bitirdikd\u0259n sora 2011-ci [&hellip;]<\/p>\n","protected":false},"author":1,"featured_media":0,"parent":0,"menu_order":6,"comment_status":"closed","ping_status":"closed","template":"","meta":{"footnotes":""},"class_list":["post-21","page","type-page","status-publish","hentry"],"yoast_head":"<!-- This site is optimized with the Yoast SEO plugin v26.9 - https:\/\/yoast.com\/product\/yoast-seo-wordpress\/ -->\n<title>\u0130NFO \/ \u018fLAQ\u018f - www.YUSIF.az -<\/title>\n<meta name=\"description\" content=\"\u0130NFO \/ \u018fLAQ\u018fSalam \u0259ziz dostlar!Bu sayt\u0131 yaratmaqda m\u0259qs\u0259dim bildikl\u0259rimi, m\u0259nd\u0259 olan m\u0259lumatlar\u0131 sizl\u0259r\u0259 \u00e7atd\u0131rmaqd\u0131.\u0130st\u0259r video olsun ist\u0259r adi yaz\u0131 il\u0259 payla\u015fd\u0131xlar\u0131m h\u0259r birini oyr\u0259tm\u0259k m\u0259qs\u0259di il\u0259 payla\u015f\u0131ram.Ozum haq\u0131nda onu dey\u0259 bil\u0259r\u0259mki m\u0259n Emin Ucarl\u0131 23.02.1985-ci ild\u0259 Ucar rayonun ****** k\u0259ndind\u0259 do\u011fulmu\u015fam.Orta t\u0259hsilimi d\u0259 bu k\u0259ndd\u0259 alib 2002-c\u00fc ild\u0259 BDU- ya daxil olmu\u015fam.Buran\u0131 bitirdikd\u0259n sora 2011-ci ild\u0259 ADPU-d\u0259 yenid\u0259n haz\u0131rlanma kursu ke\u00e7\u0259r\u0259k riyaziyyat v\u0259 informatika m\u00fc\u0259llimi ixtisas\u0131n\u0131 alm\u0131\u015fam.3 il m\u00fc\u0259llimlik f\u0259aliyy\u0259til\u0259 m\u0259\u015f\u011ful oldum.3 il is\u0259 d\u00f6vl\u0259t qullu\u011fu sah\u0259sind\u0259 f\u0259aliyy\u0259t g\u00f6st\u0259rdim.V\u0259 hal-haz\u0131rda IT M\u00fct\u0259x\u0259ssis v\u0259zif\u0259sind\u0259 \u00e7al\u0131\u015f\u0131ram. Sayt\u0131n ad\u0131 is\u0259 o\u011flum Yusifin ad\u0131 il\u0259 ba\u011fl\u0131d\u0131r\u018flaq\u0259 \u00dc\u00e7\u00fcn: +994 55 245 10 71 (Ancaq Whatsapp v\u0259 Telegram \u0259laq\u0259 \u00fc\u00e7\u00fcn) +994 55 241 71 66 (Z\u0259ng \u00fc\u00e7\u00fcn ancaq)\" \/>\n<meta name=\"robots\" content=\"index, follow, max-snippet:-1, max-image-preview:large, max-video-preview:-1\" \/>\n<link rel=\"canonical\" href=\"https:\/\/yusif.az\/main\/?page_id=21\" \/>\n<meta property=\"og:locale\" content=\"az_AZ\" \/>\n<meta property=\"og:type\" content=\"article\" \/>\n<meta property=\"og:title\" content=\"\u0130NFO \/ \u018fLAQ\u018f - www.YUSIF.az -\" \/>\n<meta property=\"og:description\" content=\"\u0130NFO \/ \u018fLAQ\u018fSalam \u0259ziz dostlar!Bu sayt\u0131 yaratmaqda m\u0259qs\u0259dim bildikl\u0259rimi, m\u0259nd\u0259 olan m\u0259lumatlar\u0131 sizl\u0259r\u0259 \u00e7atd\u0131rmaqd\u0131.\u0130st\u0259r video olsun ist\u0259r adi yaz\u0131 il\u0259 payla\u015fd\u0131xlar\u0131m h\u0259r birini oyr\u0259tm\u0259k m\u0259qs\u0259di il\u0259 payla\u015f\u0131ram.Ozum haq\u0131nda onu dey\u0259 bil\u0259r\u0259mki m\u0259n Emin Ucarl\u0131 23.02.1985-ci ild\u0259 Ucar rayonun ****** k\u0259ndind\u0259 do\u011fulmu\u015fam.Orta t\u0259hsilimi d\u0259 bu k\u0259ndd\u0259 alib 2002-c\u00fc ild\u0259 BDU- ya daxil olmu\u015fam.Buran\u0131 bitirdikd\u0259n sora 2011-ci ild\u0259 ADPU-d\u0259 yenid\u0259n haz\u0131rlanma kursu ke\u00e7\u0259r\u0259k riyaziyyat v\u0259 informatika m\u00fc\u0259llimi ixtisas\u0131n\u0131 alm\u0131\u015fam.3 il m\u00fc\u0259llimlik f\u0259aliyy\u0259til\u0259 m\u0259\u015f\u011ful oldum.3 il is\u0259 d\u00f6vl\u0259t qullu\u011fu sah\u0259sind\u0259 f\u0259aliyy\u0259t g\u00f6st\u0259rdim.V\u0259 hal-haz\u0131rda IT M\u00fct\u0259x\u0259ssis v\u0259zif\u0259sind\u0259 \u00e7al\u0131\u015f\u0131ram. Sayt\u0131n ad\u0131 is\u0259 o\u011flum Yusifin ad\u0131 il\u0259 ba\u011fl\u0131d\u0131r\u018flaq\u0259 \u00dc\u00e7\u00fcn: +994 55 245 10 71 (Ancaq Whatsapp v\u0259 Telegram \u0259laq\u0259 \u00fc\u00e7\u00fcn) +994 55 241 71 66 (Z\u0259ng \u00fc\u00e7\u00fcn ancaq)\" \/>\n<meta property=\"og:url\" content=\"https:\/\/yusif.az\/main\/?page_id=21\" \/>\n<meta property=\"og:site_name\" content=\"www.YUSIF.az\" \/>\n<meta property=\"article:modified_time\" content=\"2023-12-28T13:15:07+00:00\" \/>\n<meta property=\"og:image\" content=\"https:\/\/yusif.az\/main\/wp-content\/uploads\/2021\/10\/images.jpg\" \/>\n<meta name=\"twitter:card\" content=\"summary_large_image\" \/>\n<script type=\"application\/ld+json\" class=\"yoast-schema-graph\">{\"@context\":\"https:\/\/schema.org\",\"@graph\":[{\"@type\":\"WebPage\",\"@id\":\"https:\/\/yusif.az\/main\/?page_id=21\",\"url\":\"https:\/\/yusif.az\/main\/?page_id=21\",\"name\":\"\u0130NFO \/ \u018fLAQ\u018f - www.YUSIF.az -\",\"isPartOf\":{\"@id\":\"https:\/\/yusif.az\/main\/#website\"},\"primaryImageOfPage\":{\"@id\":\"https:\/\/yusif.az\/main\/?page_id=21#primaryimage\"},\"image\":{\"@id\":\"https:\/\/yusif.az\/main\/?page_id=21#primaryimage\"},\"thumbnailUrl\":\"https:\/\/yusif.az\/main\/wp-content\/uploads\/2021\/10\/images.jpg\",\"datePublished\":\"2016-10-02T13:47:23+00:00\",\"dateModified\":\"2023-12-28T13:15:07+00:00\",\"description\":\"\u0130NFO \/ \u018fLAQ\u018fSalam \u0259ziz dostlar!Bu sayt\u0131 yaratmaqda m\u0259qs\u0259dim bildikl\u0259rimi, m\u0259nd\u0259 olan m\u0259lumatlar\u0131 sizl\u0259r\u0259 \u00e7atd\u0131rmaqd\u0131.\u0130st\u0259r video olsun ist\u0259r adi yaz\u0131 il\u0259 payla\u015fd\u0131xlar\u0131m h\u0259r birini oyr\u0259tm\u0259k m\u0259qs\u0259di il\u0259 payla\u015f\u0131ram.Ozum haq\u0131nda onu dey\u0259 bil\u0259r\u0259mki m\u0259n Emin Ucarl\u0131 23.02.1985-ci ild\u0259 Ucar rayonun ****** k\u0259ndind\u0259 do\u011fulmu\u015fam.Orta t\u0259hsilimi d\u0259 bu k\u0259ndd\u0259 alib 2002-c\u00fc ild\u0259 BDU- ya daxil olmu\u015fam.Buran\u0131 bitirdikd\u0259n sora 2011-ci ild\u0259 ADPU-d\u0259 yenid\u0259n haz\u0131rlanma kursu ke\u00e7\u0259r\u0259k riyaziyyat v\u0259 informatika m\u00fc\u0259llimi ixtisas\u0131n\u0131 alm\u0131\u015fam.3 il m\u00fc\u0259llimlik f\u0259aliyy\u0259til\u0259 m\u0259\u015f\u011ful oldum.3 il is\u0259 d\u00f6vl\u0259t qullu\u011fu sah\u0259sind\u0259 f\u0259aliyy\u0259t g\u00f6st\u0259rdim.V\u0259 hal-haz\u0131rda IT M\u00fct\u0259x\u0259ssis v\u0259zif\u0259sind\u0259 \u00e7al\u0131\u015f\u0131ram. Sayt\u0131n ad\u0131 is\u0259 o\u011flum Yusifin ad\u0131 il\u0259 ba\u011fl\u0131d\u0131r\u018flaq\u0259 \u00dc\u00e7\u00fcn: +994 55 245 10 71 (Ancaq Whatsapp v\u0259 Telegram \u0259laq\u0259 \u00fc\u00e7\u00fcn) +994 55 241 71 66 (Z\u0259ng \u00fc\u00e7\u00fcn ancaq)\",\"breadcrumb\":{\"@id\":\"https:\/\/yusif.az\/main\/?page_id=21#breadcrumb\"},\"inLanguage\":\"az\",\"potentialAction\":[{\"@type\":\"ReadAction\",\"target\":[\"https:\/\/yusif.az\/main\/?page_id=21\"]}]},{\"@type\":\"ImageObject\",\"inLanguage\":\"az\",\"@id\":\"https:\/\/yusif.az\/main\/?page_id=21#primaryimage\",\"url\":\"https:\/\/yusif.az\/main\/wp-content\/uploads\/2021\/10\/images.jpg\",\"contentUrl\":\"https:\/\/yusif.az\/main\/wp-content\/uploads\/2021\/10\/images.jpg\",\"width\":303,\"height\":166},{\"@type\":\"BreadcrumbList\",\"@id\":\"https:\/\/yusif.az\/main\/?page_id=21#breadcrumb\",\"itemListElement\":[{\"@type\":\"ListItem\",\"position\":1,\"name\":\"Home\",\"item\":\"https:\/\/yusif.az\/main\"},{\"@type\":\"ListItem\",\"position\":2,\"name\":\"\u0130NFO \/ \u018fLAQ\u018f\"}]},{\"@type\":\"WebSite\",\"@id\":\"https:\/\/yusif.az\/main\/#website\",\"url\":\"https:\/\/yusif.az\/main\/\",\"name\":\"www.YUSIF.az\",\"description\":\"Birlikd\u0259 Y\u00fcks\u0259li\u015f\u0259 Do\u011fru!!!\",\"publisher\":{\"@id\":\"https:\/\/yusif.az\/main\/#\/schema\/person\/904da2c1a1bbe7e501df95c2bc38d146\"},\"potentialAction\":[{\"@type\":\"SearchAction\",\"target\":{\"@type\":\"EntryPoint\",\"urlTemplate\":\"https:\/\/yusif.az\/main\/?s={search_term_string}\"},\"query-input\":{\"@type\":\"PropertyValueSpecification\",\"valueRequired\":true,\"valueName\":\"search_term_string\"}}],\"inLanguage\":\"az\"},{\"@type\":[\"Person\",\"Organization\"],\"@id\":\"https:\/\/yusif.az\/main\/#\/schema\/person\/904da2c1a1bbe7e501df95c2bc38d146\",\"name\":\"auto61\",\"image\":{\"@type\":\"ImageObject\",\"inLanguage\":\"az\",\"@id\":\"https:\/\/yusif.az\/main\/#\/schema\/person\/image\/\",\"url\":\"https:\/\/secure.gravatar.com\/avatar\/206904355e04c426b5ca443938aabf7f3ee8e177abeb155e7567388fa9c208a3?s=96&d=wavatar&r=g\",\"contentUrl\":\"https:\/\/secure.gravatar.com\/avatar\/206904355e04c426b5ca443938aabf7f3ee8e177abeb155e7567388fa9c208a3?s=96&d=wavatar&r=g\",\"caption\":\"auto61\"},\"logo\":{\"@id\":\"https:\/\/yusif.az\/main\/#\/schema\/person\/image\/\"}}]}<\/script>\n<!-- \/ Yoast SEO plugin. -->","yoast_head_json":{"title":"\u0130NFO \/ \u018fLAQ\u018f - www.YUSIF.az -","description":"\u0130NFO \/ \u018fLAQ\u018fSalam \u0259ziz dostlar!Bu sayt\u0131 yaratmaqda m\u0259qs\u0259dim bildikl\u0259rimi, m\u0259nd\u0259 olan m\u0259lumatlar\u0131 sizl\u0259r\u0259 \u00e7atd\u0131rmaqd\u0131.\u0130st\u0259r video olsun ist\u0259r adi yaz\u0131 il\u0259 payla\u015fd\u0131xlar\u0131m h\u0259r birini oyr\u0259tm\u0259k m\u0259qs\u0259di il\u0259 payla\u015f\u0131ram.Ozum haq\u0131nda onu dey\u0259 bil\u0259r\u0259mki m\u0259n Emin Ucarl\u0131 23.02.1985-ci ild\u0259 Ucar rayonun ****** k\u0259ndind\u0259 do\u011fulmu\u015fam.Orta t\u0259hsilimi d\u0259 bu k\u0259ndd\u0259 alib 2002-c\u00fc ild\u0259 BDU- ya daxil olmu\u015fam.Buran\u0131 bitirdikd\u0259n sora 2011-ci ild\u0259 ADPU-d\u0259 yenid\u0259n haz\u0131rlanma kursu ke\u00e7\u0259r\u0259k riyaziyyat v\u0259 informatika m\u00fc\u0259llimi ixtisas\u0131n\u0131 alm\u0131\u015fam.3 il m\u00fc\u0259llimlik f\u0259aliyy\u0259til\u0259 m\u0259\u015f\u011ful oldum.3 il is\u0259 d\u00f6vl\u0259t qullu\u011fu sah\u0259sind\u0259 f\u0259aliyy\u0259t g\u00f6st\u0259rdim.V\u0259 hal-haz\u0131rda IT M\u00fct\u0259x\u0259ssis v\u0259zif\u0259sind\u0259 \u00e7al\u0131\u015f\u0131ram. Sayt\u0131n ad\u0131 is\u0259 o\u011flum Yusifin ad\u0131 il\u0259 ba\u011fl\u0131d\u0131r\u018flaq\u0259 \u00dc\u00e7\u00fcn: +994 55 245 10 71 (Ancaq Whatsapp v\u0259 Telegram \u0259laq\u0259 \u00fc\u00e7\u00fcn) +994 55 241 71 66 (Z\u0259ng \u00fc\u00e7\u00fcn ancaq)","robots":{"index":"index","follow":"follow","max-snippet":"max-snippet:-1","max-image-preview":"max-image-preview:large","max-video-preview":"max-video-preview:-1"},"canonical":"https:\/\/yusif.az\/main\/?page_id=21","og_locale":"az_AZ","og_type":"article","og_title":"\u0130NFO \/ \u018fLAQ\u018f - www.YUSIF.az -","og_description":"\u0130NFO \/ \u018fLAQ\u018fSalam \u0259ziz dostlar!Bu sayt\u0131 yaratmaqda m\u0259qs\u0259dim bildikl\u0259rimi, m\u0259nd\u0259 olan m\u0259lumatlar\u0131 sizl\u0259r\u0259 \u00e7atd\u0131rmaqd\u0131.\u0130st\u0259r video olsun ist\u0259r adi yaz\u0131 il\u0259 payla\u015fd\u0131xlar\u0131m h\u0259r birini oyr\u0259tm\u0259k m\u0259qs\u0259di il\u0259 payla\u015f\u0131ram.Ozum haq\u0131nda onu dey\u0259 bil\u0259r\u0259mki m\u0259n Emin Ucarl\u0131 23.02.1985-ci ild\u0259 Ucar rayonun ****** k\u0259ndind\u0259 do\u011fulmu\u015fam.Orta t\u0259hsilimi d\u0259 bu k\u0259ndd\u0259 alib 2002-c\u00fc ild\u0259 BDU- ya daxil olmu\u015fam.Buran\u0131 bitirdikd\u0259n sora 2011-ci ild\u0259 ADPU-d\u0259 yenid\u0259n haz\u0131rlanma kursu ke\u00e7\u0259r\u0259k riyaziyyat v\u0259 informatika m\u00fc\u0259llimi ixtisas\u0131n\u0131 alm\u0131\u015fam.3 il m\u00fc\u0259llimlik f\u0259aliyy\u0259til\u0259 m\u0259\u015f\u011ful oldum.3 il is\u0259 d\u00f6vl\u0259t qullu\u011fu sah\u0259sind\u0259 f\u0259aliyy\u0259t g\u00f6st\u0259rdim.V\u0259 hal-haz\u0131rda IT M\u00fct\u0259x\u0259ssis v\u0259zif\u0259sind\u0259 \u00e7al\u0131\u015f\u0131ram. Sayt\u0131n ad\u0131 is\u0259 o\u011flum Yusifin ad\u0131 il\u0259 ba\u011fl\u0131d\u0131r\u018flaq\u0259 \u00dc\u00e7\u00fcn: +994 55 245 10 71 (Ancaq Whatsapp v\u0259 Telegram \u0259laq\u0259 \u00fc\u00e7\u00fcn) +994 55 241 71 66 (Z\u0259ng \u00fc\u00e7\u00fcn ancaq)","og_url":"https:\/\/yusif.az\/main\/?page_id=21","og_site_name":"www.YUSIF.az","article_modified_time":"2023-12-28T13:15:07+00:00","og_image":[{"url":"https:\/\/yusif.az\/main\/wp-content\/uploads\/2021\/10\/images.jpg","type":"","width":"","height":""}],"twitter_card":"summary_large_image","schema":{"@context":"https:\/\/schema.org","@graph":[{"@type":"WebPage","@id":"https:\/\/yusif.az\/main\/?page_id=21","url":"https:\/\/yusif.az\/main\/?page_id=21","name":"\u0130NFO \/ \u018fLAQ\u018f - www.YUSIF.az -","isPartOf":{"@id":"https:\/\/yusif.az\/main\/#website"},"primaryImageOfPage":{"@id":"https:\/\/yusif.az\/main\/?page_id=21#primaryimage"},"image":{"@id":"https:\/\/yusif.az\/main\/?page_id=21#primaryimage"},"thumbnailUrl":"https:\/\/yusif.az\/main\/wp-content\/uploads\/2021\/10\/images.jpg","datePublished":"2016-10-02T13:47:23+00:00","dateModified":"2023-12-28T13:15:07+00:00","description":"\u0130NFO \/ \u018fLAQ\u018fSalam \u0259ziz dostlar!Bu sayt\u0131 yaratmaqda m\u0259qs\u0259dim bildikl\u0259rimi, m\u0259nd\u0259 olan m\u0259lumatlar\u0131 sizl\u0259r\u0259 \u00e7atd\u0131rmaqd\u0131.\u0130st\u0259r video olsun ist\u0259r adi yaz\u0131 il\u0259 payla\u015fd\u0131xlar\u0131m h\u0259r birini oyr\u0259tm\u0259k m\u0259qs\u0259di il\u0259 payla\u015f\u0131ram.Ozum haq\u0131nda onu dey\u0259 bil\u0259r\u0259mki m\u0259n Emin Ucarl\u0131 23.02.1985-ci ild\u0259 Ucar rayonun ****** k\u0259ndind\u0259 do\u011fulmu\u015fam.Orta t\u0259hsilimi d\u0259 bu k\u0259ndd\u0259 alib 2002-c\u00fc ild\u0259 BDU- ya daxil olmu\u015fam.Buran\u0131 bitirdikd\u0259n sora 2011-ci ild\u0259 ADPU-d\u0259 yenid\u0259n haz\u0131rlanma kursu ke\u00e7\u0259r\u0259k riyaziyyat v\u0259 informatika m\u00fc\u0259llimi ixtisas\u0131n\u0131 alm\u0131\u015fam.3 il m\u00fc\u0259llimlik f\u0259aliyy\u0259til\u0259 m\u0259\u015f\u011ful oldum.3 il is\u0259 d\u00f6vl\u0259t qullu\u011fu sah\u0259sind\u0259 f\u0259aliyy\u0259t g\u00f6st\u0259rdim.V\u0259 hal-haz\u0131rda IT M\u00fct\u0259x\u0259ssis v\u0259zif\u0259sind\u0259 \u00e7al\u0131\u015f\u0131ram. Sayt\u0131n ad\u0131 is\u0259 o\u011flum Yusifin ad\u0131 il\u0259 ba\u011fl\u0131d\u0131r\u018flaq\u0259 \u00dc\u00e7\u00fcn: +994 55 245 10 71 (Ancaq Whatsapp v\u0259 Telegram \u0259laq\u0259 \u00fc\u00e7\u00fcn) +994 55 241 71 66 (Z\u0259ng \u00fc\u00e7\u00fcn ancaq)","breadcrumb":{"@id":"https:\/\/yusif.az\/main\/?page_id=21#breadcrumb"},"inLanguage":"az","potentialAction":[{"@type":"ReadAction","target":["https:\/\/yusif.az\/main\/?page_id=21"]}]},{"@type":"ImageObject","inLanguage":"az","@id":"https:\/\/yusif.az\/main\/?page_id=21#primaryimage","url":"https:\/\/yusif.az\/main\/wp-content\/uploads\/2021\/10\/images.jpg","contentUrl":"https:\/\/yusif.az\/main\/wp-content\/uploads\/2021\/10\/images.jpg","width":303,"height":166},{"@type":"BreadcrumbList","@id":"https:\/\/yusif.az\/main\/?page_id=21#breadcrumb","itemListElement":[{"@type":"ListItem","position":1,"name":"Home","item":"https:\/\/yusif.az\/main"},{"@type":"ListItem","position":2,"name":"\u0130NFO \/ \u018fLAQ\u018f"}]},{"@type":"WebSite","@id":"https:\/\/yusif.az\/main\/#website","url":"https:\/\/yusif.az\/main\/","name":"www.YUSIF.az","description":"Birlikd\u0259 Y\u00fcks\u0259li\u015f\u0259 Do\u011fru!!!","publisher":{"@id":"https:\/\/yusif.az\/main\/#\/schema\/person\/904da2c1a1bbe7e501df95c2bc38d146"},"potentialAction":[{"@type":"SearchAction","target":{"@type":"EntryPoint","urlTemplate":"https:\/\/yusif.az\/main\/?s={search_term_string}"},"query-input":{"@type":"PropertyValueSpecification","valueRequired":true,"valueName":"search_term_string"}}],"inLanguage":"az"},{"@type":["Person","Organization"],"@id":"https:\/\/yusif.az\/main\/#\/schema\/person\/904da2c1a1bbe7e501df95c2bc38d146","name":"auto61","image":{"@type":"ImageObject","inLanguage":"az","@id":"https:\/\/yusif.az\/main\/#\/schema\/person\/image\/","url":"https:\/\/secure.gravatar.com\/avatar\/206904355e04c426b5ca443938aabf7f3ee8e177abeb155e7567388fa9c208a3?s=96&d=wavatar&r=g","contentUrl":"https:\/\/secure.gravatar.com\/avatar\/206904355e04c426b5ca443938aabf7f3ee8e177abeb155e7567388fa9c208a3?s=96&d=wavatar&r=g","caption":"auto61"},"logo":{"@id":"https:\/\/yusif.az\/main\/#\/schema\/person\/image\/"}}]}},"_links":{"self":[{"href":"https:\/\/yusif.az\/main\/index.php?rest_route=\/wp\/v2\/pages\/21","targetHints":{"allow":["GET"]}}],"collection":[{"href":"https:\/\/yusif.az\/main\/index.php?rest_route=\/wp\/v2\/pages"}],"about":[{"href":"https:\/\/yusif.az\/main\/index.php?rest_route=\/wp\/v2\/types\/page"}],"author":[{"embeddable":true,"href":"https:\/\/yusif.az\/main\/index.php?rest_route=\/wp\/v2\/users\/1"}],"replies":[{"embeddable":true,"href":"https:\/\/yusif.az\/main\/index.php?rest_route=%2Fwp%2Fv2%2Fcomments&post=21"}],"version-history":[{"count":50,"href":"https:\/\/yusif.az\/main\/index.php?rest_route=\/wp\/v2\/pages\/21\/revisions"}],"predecessor-version":[{"id":6748,"href":"https:\/\/yusif.az\/main\/index.php?rest_route=\/wp\/v2\/pages\/21\/revisions\/6748"}],"wp:attachment":[{"href":"https:\/\/yusif.az\/main\/index.php?rest_route=%2Fwp%2Fv2%2Fmedia&parent=21"}],"curies":[{"name":"wp","href":"https:\/\/api.w.org\/{rel}","templated":true}]}}