{"id":3324,"date":"2018-12-06T11:49:49","date_gmt":"2018-12-06T07:49:49","guid":{"rendered":"http:\/\/yusif.az\/main\/?page_id=3324"},"modified":"2021-02-21T16:46:00","modified_gmt":"2021-02-21T12:46:00","slug":"e-mail-xidm%c9%99ti","status":"publish","type":"page","link":"https:\/\/yusif.az\/main\/?page_id=3324","title":{"rendered":"e-Mail xidm\u0259ti"},"content":{"rendered":"<blockquote>\n<h1 style=\"text-align: center;\"><span style=\"color: #000080;\"><strong>Sizin \u00dc\u00e7\u00fcn e-Mail Xidm\u0259ti !!!<\/strong><\/span><\/h1>\n<h4><strong>e-mail Xidm\u0259ti n\u0259dir?<\/strong><\/h4>\n<p>Bu xidm\u0259t sizin sonlu\u011fu\u00a0\u00a0<strong>@yusif.az\u00a0\u00a0<\/strong>olan e-mail servisinin olmas\u0131 dem\u0259kdir.M\u0259s\u0259l\u0259n:\u00a0 <strong>sizinadiniz@yusif.az<\/strong> .<\/p>\n<p><strong>Bu xidm\u0259ti siz\u0259 2 c\u00fcr\u0259 t\u0259qdim edir\u0259m:<\/strong><\/p>\n<p><strong>1.<\/strong>\u018fg\u0259r sizin ba\u015fqa e-mailiniz varsa ( @mail.ru v\u0259 ya @gmail.com\u00a0 v\u0259 ya yandex.ru v\u0259 s ) siz bu e-mail\u0259 g\u0259l\u0259n m\u0259ktublar\u0131 <span style=\"color: #ff0000;\">sizinad\u0131nz@yusif.az<\/span> -la ed\u0259 bil\u0259rsiz.Bu o dem\u0259kdirki sizi bir ad se\u00e7irsiz v\u0259 o ad\u0131 biz y\u00f6n\u0259ldirik sizin e-mailiz\u0259.G\u0259l\u0259n m\u0259ktublar yen\u0259 sizin \u00f6z e-mailinz\u0259 g\u0259lir.M\u0259s\u0259l\u0259n: sizin bir <span style=\"color: #ff0000;\">ozmail@mail.ru<\/span> adl\u0131 e-mailinz var.Bizd\u0259n ist\u0259nil\u0259n bir ad\u0131 alsan\u0131z (m\u0259s\u0259l\u0259n <span style=\"color: #ff0000;\">sizinad@yusif.az<\/span>) bu e- mail\u0259 g\u0259l\u0259n m\u0259ktublarda sizin <span style=\"color: #ff0000;\">ozmail@mail.ru<\/span> e-mailin\u0259 g\u0259l\u0259c\u0259k. <strong>(Bu xidm\u0259t pulsuzdur)<\/strong><\/p>\n<p>&nbsp;<\/p>\n<p><strong>2.<\/strong>\u0130kinci t\u0259qdim ed\u0259c\u0259yim xidm\u0259t is\u0259 daha maraql\u0131 v\u0259 g\u00f6z\u0259ldir.Bel\u0259ki bu sizin \u00fc\u00e7\u00fcn tam bir e-mail xidm\u0259ti dem\u0259kdir.Siz bizd\u0259n\u00a0<span style=\"color: #ff0000;\"><strong>sizinad@yusif.az\u00a0<\/strong><span style=\"color: #000000;\">adl\u0131 bir e-mail \u00fcnvan\u0131 al\u0131rs\u0131z.V\u0259 bu zaman bir tam e-mail qutusuna sahibsiz! Bu roundcube e-mail qutusu vasit\u0259sil\u0259 e-mailinizi qebul ede v\u0259 g\u00f6nd\u0259r\u0259 bil\u0259rsiz.85 dil se\u00e7imin\u0259 malik olan(o c\u00fcml\u0259t\u0259n Az\u0259rbaycan dilid\u0259) bu e-mail xidm\u0259ti sizin tez bir zamanda e-mail g\u00f6nd\u0259rm\u0259niz\u0259 v\u0259 qebul etm\u0259yiniz\u0259 imkan yaradacaq.<strong>(Bu xidm\u0259t pulludur.Ayda 2 azn xidm\u0259t haqq\u0131)<\/strong><\/span><\/span><\/p>\n<p style=\"text-align: right;\"><em><span style=\"color: #ff0000;\"><span style=\"color: #000000;\">Qeyd: B\u00fct\u00fcn m\u0259lumatlar b\u00fct\u00fcn hallarda tam m\u0259xvi saxlan\u0131l\u0131r!!!\u00a0<\/span><\/span><\/em><\/p>\n<p>&nbsp;<\/p>\n<h4><strong><a href=\"http:\/\/e-mail.yusif.az\">e-mail.yusif.az<\/a><\/strong> \u00a0 e-mail qutunuz.<\/h4>\n<p>Bura daxil olaraq \u00f6z mailiniz v\u0259 parolunuzu yazib daxil olursuz.<\/p>\n<p><img loading=\"lazy\" decoding=\"async\" class=\"alignnone wp-image-2153\" src=\"http:\/\/yusif.az\/main\/wp-content\/uploads\/2018\/12\/00.png\" alt=\"\" width=\"234\" height=\"139\" srcset=\"https:\/\/yusif.az\/main\/wp-content\/uploads\/2018\/12\/00.png 527w, https:\/\/yusif.az\/main\/wp-content\/uploads\/2018\/12\/00-300x178.png 300w\" sizes=\"auto, (max-width: 234px) 100vw, 234px\" \/><\/p>\n<p><strong>Geni\u015f roundcube panel:<\/strong><\/p>\n<p><img loading=\"lazy\" decoding=\"async\" class=\"alignnone wp-image-2150\" src=\"http:\/\/yusif.az\/main\/wp-content\/uploads\/2018\/12\/1.png\" alt=\"\" width=\"520\" height=\"243\" srcset=\"https:\/\/yusif.az\/main\/wp-content\/uploads\/2018\/12\/1.png 1354w, https:\/\/yusif.az\/main\/wp-content\/uploads\/2018\/12\/1-300x140.png 300w, https:\/\/yusif.az\/main\/wp-content\/uploads\/2018\/12\/1-768x360.png 768w, https:\/\/yusif.az\/main\/wp-content\/uploads\/2018\/12\/1-1024x479.png 1024w\" sizes=\"auto, (max-width: 520px) 100vw, 520px\" \/><\/p>\n<p><strong>Geni\u015f interfeys:<\/strong><\/p>\n<p><img loading=\"lazy\" decoding=\"async\" class=\"alignnone wp-image-2151\" src=\"http:\/\/yusif.az\/main\/wp-content\/uploads\/2018\/12\/2.png\" alt=\"\" width=\"521\" height=\"235\" srcset=\"https:\/\/yusif.az\/main\/wp-content\/uploads\/2018\/12\/2.png 1118w, https:\/\/yusif.az\/main\/wp-content\/uploads\/2018\/12\/2-300x136.png 300w, https:\/\/yusif.az\/main\/wp-content\/uploads\/2018\/12\/2-768x347.png 768w, https:\/\/yusif.az\/main\/wp-content\/uploads\/2018\/12\/2-1024x463.png 1024w\" sizes=\"auto, (max-width: 521px) 100vw, 521px\" \/><\/p>\n<p><strong>85 dil se\u00e7imi!<\/strong><\/p>\n<p><img loading=\"lazy\" decoding=\"async\" class=\"alignnone wp-image-2152\" src=\"http:\/\/yusif.az\/main\/wp-content\/uploads\/2018\/12\/3.png\" alt=\"\" width=\"522\" height=\"246\" srcset=\"https:\/\/yusif.az\/main\/wp-content\/uploads\/2018\/12\/3.png 1311w, https:\/\/yusif.az\/main\/wp-content\/uploads\/2018\/12\/3-300x142.png 300w, https:\/\/yusif.az\/main\/wp-content\/uploads\/2018\/12\/3-768x363.png 768w, https:\/\/yusif.az\/main\/wp-content\/uploads\/2018\/12\/3-1024x483.png 1024w\" sizes=\"auto, (max-width: 522px) 100vw, 522px\" \/><\/p>\n<p><strong>Bundan ba\u015fqa siz \u00f6z telefonunuzda bu e-mail servisi qura\u015fd\u0131ra bil\u0259rsiz:<\/strong><\/p>\n<p>M\u0259s\u0259l\u0259n bu formada:<\/p>\n<table class=\"list\" style=\"height: 132px;\" width=\"372\" cellspacing=\"1\" cellpadding=\"3\">\n<tbody>\n<tr>\n<td class=\"list2\" align=\"right\">\n<h4><strong>e-mail:<\/strong><\/h4>\n<h4><strong>Username:<\/strong><\/h4>\n<\/td>\n<td class=\"list2\">\n<h5><span style=\"color: #ff0000;\"><strong>sizin adiniz@yusif.az<\/strong><\/span><\/h5>\n<\/td>\n<\/tr>\n<tr>\n<td class=\"list\" align=\"right\">\n<h4><strong>Password:<\/strong><\/h4>\n<\/td>\n<td class=\"list\">\n<h5><span style=\"color: #ff0000;\"><strong>sizin parol<\/strong><\/span><\/h5>\n<\/td>\n<\/tr>\n<tr>\n<td class=\"list2\" align=\"right\">\n<h4><strong>Pop\/Imap Server:<\/strong><\/h4>\n<\/td>\n<td class=\"list2\">\n<h5><span style=\"color: #ff0000;\"><strong>mail.yusif.az<\/strong><\/span><\/h5>\n<\/td>\n<\/tr>\n<tr>\n<td class=\"list\" align=\"right\">\n<h4><strong>Smtp Server:<\/strong><\/h4>\n<\/td>\n<td class=\"list\">\n<h5><span style=\"color: #ff0000;\"><strong>mail.yusif.az<\/strong><\/span><\/h5>\n<\/td>\n<\/tr>\n<\/tbody>\n<\/table>\n<p>&nbsp;<\/p>\n<p><span style=\"color: #0000ff;\"><strong>Buyurub \u0259laq\u0259 saxlay\u0131n:<\/strong><\/span><\/p>\n<h3><span style=\"color: #333399;\"><em><strong>\u018flaq\u0259: +994 55 245 10 71 \u00a0(Whatsap \u00fc\u00e7\u00fcn ancaq)<\/strong><\/em><\/span><\/h3>\n<h3><span style=\"color: #333399;\"><em><strong>\u00a0 \u00a0 \u00a0 \u00a0 \u00a0 \u00a0 +994 55 241 71 66\u00a0 (Z\u0259ng \u00fc\u00e7\u00fcn ancaq)<\/strong><\/em><\/span><\/h3>\n<\/blockquote>\n<div style=\"margin: 20px 0;\"><div class=\"qrcswholewtapper\" style=\"text-align:left;\"><div class=\"qrcprowrapper\"  id=\"qrcwraa2leds\"><div class=\"qrc_canvass\" id=\"qrc_cuttenpages_2\" style=\"display:inline-block\" data-text=\"https:\/\/yusif.az\/main\/?page_id=3324\"><\/div><div><a download=\"e-Mail xidm\u0259ti.png\" class=\"qrcdownloads\" id=\"worign\">\r\n           <button type=\"button\" style=\"min-width:110px;background:#44d813;color:#000;font-weight: 600;border: 1px solid #44d813;border-radius:20px;font-size:12px;padding: 6px 0;\" class=\"uqr_code_btn\">QR kodu Y\u00fckl\u0259 \ud83e\udc0b<\/button>\r\n           <\/a><\/div><\/div><\/div><\/div>","protected":false},"excerpt":{"rendered":"<p>Sizin \u00dc\u00e7\u00fcn e-Mail Xidm\u0259ti !!! e-mail Xidm\u0259ti n\u0259dir? Bu xidm\u0259t sizin sonlu\u011fu\u00a0\u00a0@yusif.az\u00a0\u00a0olan e-mail servisinin olmas\u0131 dem\u0259kdir.M\u0259s\u0259l\u0259n:\u00a0 sizinadiniz@yusif.az . Bu xidm\u0259ti siz\u0259 2 c\u00fcr\u0259 t\u0259qdim edir\u0259m: 1.\u018fg\u0259r sizin ba\u015fqa e-mailiniz varsa ( @mail.ru v\u0259 ya @gmail.com\u00a0 v\u0259 ya yandex.ru v\u0259 s ) siz bu e-mail\u0259 g\u0259l\u0259n m\u0259ktublar\u0131 sizinad\u0131nz@yusif.az -la ed\u0259 bil\u0259rsiz.Bu o dem\u0259kdirki sizi bir ad [&hellip;]<\/p>\n","protected":false},"author":1,"featured_media":0,"parent":42,"menu_order":1,"comment_status":"closed","ping_status":"closed","template":"","meta":{"footnotes":""},"class_list":["post-3324","page","type-page","status-publish","hentry"],"yoast_head":"<!-- This site is optimized with the Yoast SEO plugin v26.9 - https:\/\/yoast.com\/product\/yoast-seo-wordpress\/ -->\n<title>e-Mail xidm\u0259ti - www.YUSIF.az -<\/title>\n<meta name=\"robots\" content=\"index, follow, max-snippet:-1, max-image-preview:large, max-video-preview:-1\" \/>\n<link rel=\"canonical\" href=\"https:\/\/yusif.az\/main\/?page_id=3324\" \/>\n<meta property=\"og:locale\" content=\"az_AZ\" \/>\n<meta property=\"og:type\" content=\"article\" \/>\n<meta property=\"og:title\" content=\"e-Mail xidm\u0259ti - www.YUSIF.az -\" \/>\n<meta property=\"og:description\" content=\"Sizin \u00dc\u00e7\u00fcn e-Mail Xidm\u0259ti !!! e-mail Xidm\u0259ti n\u0259dir? Bu xidm\u0259t sizin sonlu\u011fu\u00a0\u00a0@yusif.az\u00a0\u00a0olan e-mail servisinin olmas\u0131 dem\u0259kdir.M\u0259s\u0259l\u0259n:\u00a0 sizinadiniz@yusif.az . Bu xidm\u0259ti siz\u0259 2 c\u00fcr\u0259 t\u0259qdim edir\u0259m: 1.\u018fg\u0259r sizin ba\u015fqa e-mailiniz varsa ( @mail.ru v\u0259 ya @gmail.com\u00a0 v\u0259 ya yandex.ru v\u0259 s ) siz bu e-mail\u0259 g\u0259l\u0259n m\u0259ktublar\u0131 sizinad\u0131nz@yusif.az -la ed\u0259 bil\u0259rsiz.Bu o dem\u0259kdirki sizi bir ad [&hellip;]\" \/>\n<meta property=\"og:url\" content=\"https:\/\/yusif.az\/main\/?page_id=3324\" \/>\n<meta property=\"og:site_name\" content=\"www.YUSIF.az\" \/>\n<meta property=\"article:modified_time\" content=\"2021-02-21T12:46:00+00:00\" \/>\n<meta property=\"og:image\" content=\"http:\/\/yusif.az\/main\/wp-content\/uploads\/2018\/12\/00.png\" \/>\n<meta name=\"twitter:card\" content=\"summary_large_image\" \/>\n<meta name=\"twitter:label1\" content=\"Est. reading time\" \/>\n\t<meta name=\"twitter:data1\" content=\"2 minutes\" \/>\n<script type=\"application\/ld+json\" class=\"yoast-schema-graph\">{\"@context\":\"https:\/\/schema.org\",\"@graph\":[{\"@type\":\"WebPage\",\"@id\":\"https:\/\/yusif.az\/main\/?page_id=3324\",\"url\":\"https:\/\/yusif.az\/main\/?page_id=3324\",\"name\":\"e-Mail xidm\u0259ti - www.YUSIF.az -\",\"isPartOf\":{\"@id\":\"https:\/\/yusif.az\/main\/#website\"},\"primaryImageOfPage\":{\"@id\":\"https:\/\/yusif.az\/main\/?page_id=3324#primaryimage\"},\"image\":{\"@id\":\"https:\/\/yusif.az\/main\/?page_id=3324#primaryimage\"},\"thumbnailUrl\":\"http:\/\/yusif.az\/main\/wp-content\/uploads\/2018\/12\/00.png\",\"datePublished\":\"2018-12-06T07:49:49+00:00\",\"dateModified\":\"2021-02-21T12:46:00+00:00\",\"breadcrumb\":{\"@id\":\"https:\/\/yusif.az\/main\/?page_id=3324#breadcrumb\"},\"inLanguage\":\"az\",\"potentialAction\":[{\"@type\":\"ReadAction\",\"target\":[\"https:\/\/yusif.az\/main\/?page_id=3324\"]}]},{\"@type\":\"ImageObject\",\"inLanguage\":\"az\",\"@id\":\"https:\/\/yusif.az\/main\/?page_id=3324#primaryimage\",\"url\":\"https:\/\/yusif.az\/main\/wp-content\/uploads\/2018\/12\/00.png\",\"contentUrl\":\"https:\/\/yusif.az\/main\/wp-content\/uploads\/2018\/12\/00.png\",\"width\":527,\"height\":313},{\"@type\":\"BreadcrumbList\",\"@id\":\"https:\/\/yusif.az\/main\/?page_id=3324#breadcrumb\",\"itemListElement\":[{\"@type\":\"ListItem\",\"position\":1,\"name\":\"Home\",\"item\":\"https:\/\/yusif.az\/main\"},{\"@type\":\"ListItem\",\"position\":2,\"name\":\"X\u0130DM\u018fTL\u018fR\",\"item\":\"https:\/\/yusif.az\/main\/?page_id=42\"},{\"@type\":\"ListItem\",\"position\":3,\"name\":\"e-Mail xidm\u0259ti\"}]},{\"@type\":\"WebSite\",\"@id\":\"https:\/\/yusif.az\/main\/#website\",\"url\":\"https:\/\/yusif.az\/main\/\",\"name\":\"www.YUSIF.az\",\"description\":\"Birlikd\u0259 Y\u00fcks\u0259li\u015f\u0259 Do\u011fru!!!\",\"publisher\":{\"@id\":\"https:\/\/yusif.az\/main\/#\/schema\/person\/904da2c1a1bbe7e501df95c2bc38d146\"},\"potentialAction\":[{\"@type\":\"SearchAction\",\"target\":{\"@type\":\"EntryPoint\",\"urlTemplate\":\"https:\/\/yusif.az\/main\/?s={search_term_string}\"},\"query-input\":{\"@type\":\"PropertyValueSpecification\",\"valueRequired\":true,\"valueName\":\"search_term_string\"}}],\"inLanguage\":\"az\"},{\"@type\":[\"Person\",\"Organization\"],\"@id\":\"https:\/\/yusif.az\/main\/#\/schema\/person\/904da2c1a1bbe7e501df95c2bc38d146\",\"name\":\"auto61\",\"image\":{\"@type\":\"ImageObject\",\"inLanguage\":\"az\",\"@id\":\"https:\/\/yusif.az\/main\/#\/schema\/person\/image\/\",\"url\":\"https:\/\/secure.gravatar.com\/avatar\/206904355e04c426b5ca443938aabf7f3ee8e177abeb155e7567388fa9c208a3?s=96&d=wavatar&r=g\",\"contentUrl\":\"https:\/\/secure.gravatar.com\/avatar\/206904355e04c426b5ca443938aabf7f3ee8e177abeb155e7567388fa9c208a3?s=96&d=wavatar&r=g\",\"caption\":\"auto61\"},\"logo\":{\"@id\":\"https:\/\/yusif.az\/main\/#\/schema\/person\/image\/\"}}]}<\/script>\n<!-- \/ Yoast SEO plugin. -->","yoast_head_json":{"title":"e-Mail xidm\u0259ti - www.YUSIF.az -","robots":{"index":"index","follow":"follow","max-snippet":"max-snippet:-1","max-image-preview":"max-image-preview:large","max-video-preview":"max-video-preview:-1"},"canonical":"https:\/\/yusif.az\/main\/?page_id=3324","og_locale":"az_AZ","og_type":"article","og_title":"e-Mail xidm\u0259ti - www.YUSIF.az -","og_description":"Sizin \u00dc\u00e7\u00fcn e-Mail Xidm\u0259ti !!! e-mail Xidm\u0259ti n\u0259dir? Bu xidm\u0259t sizin sonlu\u011fu\u00a0\u00a0@yusif.az\u00a0\u00a0olan e-mail servisinin olmas\u0131 dem\u0259kdir.M\u0259s\u0259l\u0259n:\u00a0 sizinadiniz@yusif.az . Bu xidm\u0259ti siz\u0259 2 c\u00fcr\u0259 t\u0259qdim edir\u0259m: 1.\u018fg\u0259r sizin ba\u015fqa e-mailiniz varsa ( @mail.ru v\u0259 ya @gmail.com\u00a0 v\u0259 ya yandex.ru v\u0259 s ) siz bu e-mail\u0259 g\u0259l\u0259n m\u0259ktublar\u0131 sizinad\u0131nz@yusif.az -la ed\u0259 bil\u0259rsiz.Bu o dem\u0259kdirki sizi bir ad [&hellip;]","og_url":"https:\/\/yusif.az\/main\/?page_id=3324","og_site_name":"www.YUSIF.az","article_modified_time":"2021-02-21T12:46:00+00:00","og_image":[{"url":"http:\/\/yusif.az\/main\/wp-content\/uploads\/2018\/12\/00.png","type":"","width":"","height":""}],"twitter_card":"summary_large_image","twitter_misc":{"Est. reading time":"2 minutes"},"schema":{"@context":"https:\/\/schema.org","@graph":[{"@type":"WebPage","@id":"https:\/\/yusif.az\/main\/?page_id=3324","url":"https:\/\/yusif.az\/main\/?page_id=3324","name":"e-Mail xidm\u0259ti - www.YUSIF.az -","isPartOf":{"@id":"https:\/\/yusif.az\/main\/#website"},"primaryImageOfPage":{"@id":"https:\/\/yusif.az\/main\/?page_id=3324#primaryimage"},"image":{"@id":"https:\/\/yusif.az\/main\/?page_id=3324#primaryimage"},"thumbnailUrl":"http:\/\/yusif.az\/main\/wp-content\/uploads\/2018\/12\/00.png","datePublished":"2018-12-06T07:49:49+00:00","dateModified":"2021-02-21T12:46:00+00:00","breadcrumb":{"@id":"https:\/\/yusif.az\/main\/?page_id=3324#breadcrumb"},"inLanguage":"az","potentialAction":[{"@type":"ReadAction","target":["https:\/\/yusif.az\/main\/?page_id=3324"]}]},{"@type":"ImageObject","inLanguage":"az","@id":"https:\/\/yusif.az\/main\/?page_id=3324#primaryimage","url":"https:\/\/yusif.az\/main\/wp-content\/uploads\/2018\/12\/00.png","contentUrl":"https:\/\/yusif.az\/main\/wp-content\/uploads\/2018\/12\/00.png","width":527,"height":313},{"@type":"BreadcrumbList","@id":"https:\/\/yusif.az\/main\/?page_id=3324#breadcrumb","itemListElement":[{"@type":"ListItem","position":1,"name":"Home","item":"https:\/\/yusif.az\/main"},{"@type":"ListItem","position":2,"name":"X\u0130DM\u018fTL\u018fR","item":"https:\/\/yusif.az\/main\/?page_id=42"},{"@type":"ListItem","position":3,"name":"e-Mail xidm\u0259ti"}]},{"@type":"WebSite","@id":"https:\/\/yusif.az\/main\/#website","url":"https:\/\/yusif.az\/main\/","name":"www.YUSIF.az","description":"Birlikd\u0259 Y\u00fcks\u0259li\u015f\u0259 Do\u011fru!!!","publisher":{"@id":"https:\/\/yusif.az\/main\/#\/schema\/person\/904da2c1a1bbe7e501df95c2bc38d146"},"potentialAction":[{"@type":"SearchAction","target":{"@type":"EntryPoint","urlTemplate":"https:\/\/yusif.az\/main\/?s={search_term_string}"},"query-input":{"@type":"PropertyValueSpecification","valueRequired":true,"valueName":"search_term_string"}}],"inLanguage":"az"},{"@type":["Person","Organization"],"@id":"https:\/\/yusif.az\/main\/#\/schema\/person\/904da2c1a1bbe7e501df95c2bc38d146","name":"auto61","image":{"@type":"ImageObject","inLanguage":"az","@id":"https:\/\/yusif.az\/main\/#\/schema\/person\/image\/","url":"https:\/\/secure.gravatar.com\/avatar\/206904355e04c426b5ca443938aabf7f3ee8e177abeb155e7567388fa9c208a3?s=96&d=wavatar&r=g","contentUrl":"https:\/\/secure.gravatar.com\/avatar\/206904355e04c426b5ca443938aabf7f3ee8e177abeb155e7567388fa9c208a3?s=96&d=wavatar&r=g","caption":"auto61"},"logo":{"@id":"https:\/\/yusif.az\/main\/#\/schema\/person\/image\/"}}]}},"_links":{"self":[{"href":"https:\/\/yusif.az\/main\/index.php?rest_route=\/wp\/v2\/pages\/3324","targetHints":{"allow":["GET"]}}],"collection":[{"href":"https:\/\/yusif.az\/main\/index.php?rest_route=\/wp\/v2\/pages"}],"about":[{"href":"https:\/\/yusif.az\/main\/index.php?rest_route=\/wp\/v2\/types\/page"}],"author":[{"embeddable":true,"href":"https:\/\/yusif.az\/main\/index.php?rest_route=\/wp\/v2\/users\/1"}],"replies":[{"embeddable":true,"href":"https:\/\/yusif.az\/main\/index.php?rest_route=%2Fwp%2Fv2%2Fcomments&post=3324"}],"version-history":[{"count":1,"href":"https:\/\/yusif.az\/main\/index.php?rest_route=\/wp\/v2\/pages\/3324\/revisions"}],"predecessor-version":[{"id":3325,"href":"https:\/\/yusif.az\/main\/index.php?rest_route=\/wp\/v2\/pages\/3324\/revisions\/3325"}],"up":[{"embeddable":true,"href":"https:\/\/yusif.az\/main\/index.php?rest_route=\/wp\/v2\/pages\/42"}],"wp:attachment":[{"href":"https:\/\/yusif.az\/main\/index.php?rest_route=%2Fwp%2Fv2%2Fmedia&parent=3324"}],"curies":[{"name":"wp","href":"https:\/\/api.w.org\/{rel}","templated":true}]}}