{"id":40,"date":"2016-10-02T21:49:53","date_gmt":"2016-10-02T16:49:53","guid":{"rendered":"http:\/\/yusif.az\/main\/?page_id=40"},"modified":"2022-12-21T23:20:18","modified_gmt":"2022-12-21T19:20:18","slug":"video-d%c9%99rsl%c9%99r-it-sah%c9%99si-informatika-r%c9%99him%c9%99-murv%c9%99tova-az%c9%99rbaycan-dili-video-d%c9%99rsl%c9%99ri-dovl%c9%99t-qullugu-m%c9%99ntiq-helpdesk-s","status":"publish","type":"page","link":"https:\/\/yusif.az\/main\/?page_id=40","title":{"rendered":"V\u0130DEO D\u018fRSL\u018fR"},"content":{"rendered":"<blockquote>\n<h2 style=\"text-align: center;\"><span style=\"color: #ff0000;\"><strong>V\u0130DEO D\u018fRSL\u018fR:<\/strong><\/span><\/h2>\n<\/blockquote>\n<p>&nbsp;<\/p>\n<blockquote>\n<ul>\n<li style=\"text-align: left;\">\n<h3><strong><a href=\"http:\/\/yusif.az\/main\/?cat=19\">\u0130T SAH\u018fS\u0130<\/a><\/strong><\/h3>\n<\/li>\n<\/ul>\n<\/blockquote>\n<p>&nbsp;<\/p>\n<blockquote>\n<ul>\n<li>\n<h3><strong><a href=\"https:\/\/yusif.az\/main\/?p=6471\">\u0130NFORMAT\u0130KA<\/a><\/strong><\/h3>\n<\/li>\n<\/ul>\n<\/blockquote>\n<p>&nbsp;<\/p>\n<blockquote>\n<ul>\n<li>\n<h3><strong><a href=\"http:\/\/yusif.az\/main\/?p=2085\">R\u0259him\u0259 M\u00fcrv\u0259tova- Az\u0259rbaycan Dili Video d\u0259rsl\u0259ri<\/a><\/strong><\/h3>\n<\/li>\n<\/ul>\n<\/blockquote>\n<p>&nbsp;<\/p>\n<blockquote>\n<ul>\n<li>\n<h3><strong><a href=\"http:\/\/yusif.az\/main\/?cat=22\">D\u00d6VL\u018fT QULLU\u011eU<\/a><\/strong><\/h3>\n<\/li>\n<\/ul>\n<\/blockquote>\n<p>&nbsp;<\/p>\n<blockquote>\n<ul>\n<li>\n<h3><strong><a href=\"http:\/\/yusif.az\/main\/?cat=21\">M\u018fNT\u0130Q<\/a><\/strong><\/h3>\n<\/li>\n<\/ul>\n<\/blockquote>\n<p style=\"text-align: right;\">[QR size=&#8221;150&#215;150&#8243; link=&#8221;no&#8221;][\/QR]<\/p>\n<div style=\"margin: 20px 0;\"><div class=\"qrcswholewtapper\" style=\"text-align:left;\"><div class=\"qrcprowrapper\"  id=\"qrcwraa2leds\"><div class=\"qrc_canvass\" id=\"qrc_cuttenpages_2\" style=\"display:inline-block\" data-text=\"https:\/\/yusif.az\/main\/?page_id=40\"><\/div><div><a download=\"V\u0130DEO D\u018fRSL\u018fR.png\" class=\"qrcdownloads\" id=\"worign\">\r\n           <button type=\"button\" style=\"min-width:110px;background:#44d813;color:#000;font-weight: 600;border: 1px solid #44d813;border-radius:20px;font-size:12px;padding: 6px 0;\" class=\"uqr_code_btn\">QR kodu Y\u00fckl\u0259 \ud83e\udc0b<\/button>\r\n           <\/a><\/div><\/div><\/div><\/div>","protected":false},"excerpt":{"rendered":"<p>V\u0130DEO D\u018fRSL\u018fR: &nbsp; \u0130T SAH\u018fS\u0130 &nbsp; \u0130NFORMAT\u0130KA &nbsp; R\u0259him\u0259 M\u00fcrv\u0259tova- Az\u0259rbaycan Dili Video d\u0259rsl\u0259ri &nbsp; D\u00d6VL\u018fT QULLU\u011eU &nbsp; M\u018fNT\u0130Q [QR size=&#8221;150&#215;150&#8243; link=&#8221;no&#8221;][\/QR] QR kodu Y\u00fckl\u0259 \ud83e\udc0b<\/p>\n","protected":false},"author":1,"featured_media":0,"parent":0,"menu_order":3,"comment_status":"closed","ping_status":"closed","template":"","meta":{"footnotes":""},"class_list":["post-40","page","type-page","status-publish","hentry"],"yoast_head":"<!-- This site is optimized with the Yoast SEO plugin v27.4 - https:\/\/yoast.com\/product\/yoast-seo-wordpress\/ -->\n<title>V\u0130DEO D\u018fRSL\u018fR - www.YUSIF.az -<\/title>\n<meta name=\"description\" content=\"V\u0130DEO D\u018fRSL\u018fR:\u0130T SAH\u018fS\u0130\u0130NFORMAT\u0130KAR\u0259him\u0259 M\u00fcrv\u0259tova- Az\u0259rbaycan Dili Video d\u0259rsl\u0259riD\u00d6VL\u018fT QULLU\u011eUM\u018fNT\u0130QHelpDesk S\u0259nanAYTAC RZAYEVA[QR size=&quot;150x150&quot; link=&quot;no&quot;][\/QR] % %\" \/>\n<meta name=\"robots\" content=\"index, follow, max-snippet:-1, max-image-preview:large, max-video-preview:-1\" \/>\n<link rel=\"canonical\" href=\"https:\/\/yusif.az\/main\/?page_id=40\" \/>\n<meta property=\"og:locale\" content=\"az_AZ\" \/>\n<meta property=\"og:type\" content=\"article\" \/>\n<meta property=\"og:title\" content=\"V\u0130DEO D\u018fRSL\u018fR - www.YUSIF.az -\" \/>\n<meta property=\"og:description\" content=\"V\u0130DEO D\u018fRSL\u018fR:\u0130T SAH\u018fS\u0130\u0130NFORMAT\u0130KAR\u0259him\u0259 M\u00fcrv\u0259tova- Az\u0259rbaycan Dili Video d\u0259rsl\u0259riD\u00d6VL\u018fT QULLU\u011eUM\u018fNT\u0130QHelpDesk S\u0259nanAYTAC RZAYEVA[QR size=&quot;150x150&quot; link=&quot;no&quot;][\/QR] % %\" \/>\n<meta property=\"og:url\" content=\"https:\/\/yusif.az\/main\/?page_id=40\" \/>\n<meta property=\"og:site_name\" content=\"www.YUSIF.az\" \/>\n<meta property=\"article:modified_time\" content=\"2022-12-21T19:20:18+00:00\" \/>\n<meta name=\"twitter:card\" content=\"summary_large_image\" \/>\n<meta name=\"twitter:label1\" content=\"Est. reading time\" \/>\n\t<meta name=\"twitter:data1\" content=\"1 minute\" \/>\n<script type=\"application\/ld+json\" class=\"yoast-schema-graph\">{\"@context\":\"https:\\\/\\\/schema.org\",\"@graph\":[{\"@type\":\"WebPage\",\"@id\":\"https:\\\/\\\/yusif.az\\\/main\\\/?page_id=40\",\"url\":\"https:\\\/\\\/yusif.az\\\/main\\\/?page_id=40\",\"name\":\"V\u0130DEO D\u018fRSL\u018fR - www.YUSIF.az -\",\"isPartOf\":{\"@id\":\"https:\\\/\\\/yusif.az\\\/main\\\/#website\"},\"datePublished\":\"2016-10-02T16:49:53+00:00\",\"dateModified\":\"2022-12-21T19:20:18+00:00\",\"description\":\"V\u0130DEO D\u018fRSL\u018fR:\u0130T SAH\u018fS\u0130\u0130NFORMAT\u0130KAR\u0259him\u0259 M\u00fcrv\u0259tova- Az\u0259rbaycan Dili Video d\u0259rsl\u0259riD\u00d6VL\u018fT QULLU\u011eUM\u018fNT\u0130QHelpDesk S\u0259nanAYTAC RZAYEVA[QR size=\\\"150x150\\\" link=\\\"no\\\"][\\\/QR] % %\",\"breadcrumb\":{\"@id\":\"https:\\\/\\\/yusif.az\\\/main\\\/?page_id=40#breadcrumb\"},\"inLanguage\":\"az\",\"potentialAction\":[{\"@type\":\"ReadAction\",\"target\":[\"https:\\\/\\\/yusif.az\\\/main\\\/?page_id=40\"]}]},{\"@type\":\"BreadcrumbList\",\"@id\":\"https:\\\/\\\/yusif.az\\\/main\\\/?page_id=40#breadcrumb\",\"itemListElement\":[{\"@type\":\"ListItem\",\"position\":1,\"name\":\"Home\",\"item\":\"https:\\\/\\\/yusif.az\\\/main\"},{\"@type\":\"ListItem\",\"position\":2,\"name\":\"V\u0130DEO D\u018fRSL\u018fR\"}]},{\"@type\":\"WebSite\",\"@id\":\"https:\\\/\\\/yusif.az\\\/main\\\/#website\",\"url\":\"https:\\\/\\\/yusif.az\\\/main\\\/\",\"name\":\"www.YUSIF.az\",\"description\":\"Birlikd\u0259 Y\u00fcks\u0259li\u015f\u0259 Do\u011fru!!!\",\"publisher\":{\"@id\":\"https:\\\/\\\/yusif.az\\\/main\\\/#\\\/schema\\\/person\\\/904da2c1a1bbe7e501df95c2bc38d146\"},\"potentialAction\":[{\"@type\":\"SearchAction\",\"target\":{\"@type\":\"EntryPoint\",\"urlTemplate\":\"https:\\\/\\\/yusif.az\\\/main\\\/?s={search_term_string}\"},\"query-input\":{\"@type\":\"PropertyValueSpecification\",\"valueRequired\":true,\"valueName\":\"search_term_string\"}}],\"inLanguage\":\"az\"},{\"@type\":[\"Person\",\"Organization\"],\"@id\":\"https:\\\/\\\/yusif.az\\\/main\\\/#\\\/schema\\\/person\\\/904da2c1a1bbe7e501df95c2bc38d146\",\"name\":\"auto61\",\"image\":{\"@type\":\"ImageObject\",\"inLanguage\":\"az\",\"@id\":\"https:\\\/\\\/secure.gravatar.com\\\/avatar\\\/206904355e04c426b5ca443938aabf7f3ee8e177abeb155e7567388fa9c208a3?s=96&d=wavatar&r=g\",\"url\":\"https:\\\/\\\/secure.gravatar.com\\\/avatar\\\/206904355e04c426b5ca443938aabf7f3ee8e177abeb155e7567388fa9c208a3?s=96&d=wavatar&r=g\",\"contentUrl\":\"https:\\\/\\\/secure.gravatar.com\\\/avatar\\\/206904355e04c426b5ca443938aabf7f3ee8e177abeb155e7567388fa9c208a3?s=96&d=wavatar&r=g\",\"caption\":\"auto61\"},\"logo\":{\"@id\":\"https:\\\/\\\/secure.gravatar.com\\\/avatar\\\/206904355e04c426b5ca443938aabf7f3ee8e177abeb155e7567388fa9c208a3?s=96&d=wavatar&r=g\"}}]}<\/script>\n<!-- \/ Yoast SEO plugin. -->","yoast_head_json":{"title":"V\u0130DEO D\u018fRSL\u018fR - www.YUSIF.az -","description":"V\u0130DEO D\u018fRSL\u018fR:\u0130T SAH\u018fS\u0130\u0130NFORMAT\u0130KAR\u0259him\u0259 M\u00fcrv\u0259tova- Az\u0259rbaycan Dili Video d\u0259rsl\u0259riD\u00d6VL\u018fT QULLU\u011eUM\u018fNT\u0130QHelpDesk S\u0259nanAYTAC RZAYEVA[QR size=\"150x150\" link=\"no\"][\/QR] % %","robots":{"index":"index","follow":"follow","max-snippet":"max-snippet:-1","max-image-preview":"max-image-preview:large","max-video-preview":"max-video-preview:-1"},"canonical":"https:\/\/yusif.az\/main\/?page_id=40","og_locale":"az_AZ","og_type":"article","og_title":"V\u0130DEO D\u018fRSL\u018fR - www.YUSIF.az -","og_description":"V\u0130DEO D\u018fRSL\u018fR:\u0130T SAH\u018fS\u0130\u0130NFORMAT\u0130KAR\u0259him\u0259 M\u00fcrv\u0259tova- Az\u0259rbaycan Dili Video d\u0259rsl\u0259riD\u00d6VL\u018fT QULLU\u011eUM\u018fNT\u0130QHelpDesk S\u0259nanAYTAC RZAYEVA[QR size=\"150x150\" link=\"no\"][\/QR] % %","og_url":"https:\/\/yusif.az\/main\/?page_id=40","og_site_name":"www.YUSIF.az","article_modified_time":"2022-12-21T19:20:18+00:00","twitter_card":"summary_large_image","twitter_misc":{"Est. reading time":"1 minute"},"schema":{"@context":"https:\/\/schema.org","@graph":[{"@type":"WebPage","@id":"https:\/\/yusif.az\/main\/?page_id=40","url":"https:\/\/yusif.az\/main\/?page_id=40","name":"V\u0130DEO D\u018fRSL\u018fR - www.YUSIF.az -","isPartOf":{"@id":"https:\/\/yusif.az\/main\/#website"},"datePublished":"2016-10-02T16:49:53+00:00","dateModified":"2022-12-21T19:20:18+00:00","description":"V\u0130DEO D\u018fRSL\u018fR:\u0130T SAH\u018fS\u0130\u0130NFORMAT\u0130KAR\u0259him\u0259 M\u00fcrv\u0259tova- Az\u0259rbaycan Dili Video d\u0259rsl\u0259riD\u00d6VL\u018fT QULLU\u011eUM\u018fNT\u0130QHelpDesk S\u0259nanAYTAC RZAYEVA[QR size=\"150x150\" link=\"no\"][\/QR] % %","breadcrumb":{"@id":"https:\/\/yusif.az\/main\/?page_id=40#breadcrumb"},"inLanguage":"az","potentialAction":[{"@type":"ReadAction","target":["https:\/\/yusif.az\/main\/?page_id=40"]}]},{"@type":"BreadcrumbList","@id":"https:\/\/yusif.az\/main\/?page_id=40#breadcrumb","itemListElement":[{"@type":"ListItem","position":1,"name":"Home","item":"https:\/\/yusif.az\/main"},{"@type":"ListItem","position":2,"name":"V\u0130DEO D\u018fRSL\u018fR"}]},{"@type":"WebSite","@id":"https:\/\/yusif.az\/main\/#website","url":"https:\/\/yusif.az\/main\/","name":"www.YUSIF.az","description":"Birlikd\u0259 Y\u00fcks\u0259li\u015f\u0259 Do\u011fru!!!","publisher":{"@id":"https:\/\/yusif.az\/main\/#\/schema\/person\/904da2c1a1bbe7e501df95c2bc38d146"},"potentialAction":[{"@type":"SearchAction","target":{"@type":"EntryPoint","urlTemplate":"https:\/\/yusif.az\/main\/?s={search_term_string}"},"query-input":{"@type":"PropertyValueSpecification","valueRequired":true,"valueName":"search_term_string"}}],"inLanguage":"az"},{"@type":["Person","Organization"],"@id":"https:\/\/yusif.az\/main\/#\/schema\/person\/904da2c1a1bbe7e501df95c2bc38d146","name":"auto61","image":{"@type":"ImageObject","inLanguage":"az","@id":"https:\/\/secure.gravatar.com\/avatar\/206904355e04c426b5ca443938aabf7f3ee8e177abeb155e7567388fa9c208a3?s=96&d=wavatar&r=g","url":"https:\/\/secure.gravatar.com\/avatar\/206904355e04c426b5ca443938aabf7f3ee8e177abeb155e7567388fa9c208a3?s=96&d=wavatar&r=g","contentUrl":"https:\/\/secure.gravatar.com\/avatar\/206904355e04c426b5ca443938aabf7f3ee8e177abeb155e7567388fa9c208a3?s=96&d=wavatar&r=g","caption":"auto61"},"logo":{"@id":"https:\/\/secure.gravatar.com\/avatar\/206904355e04c426b5ca443938aabf7f3ee8e177abeb155e7567388fa9c208a3?s=96&d=wavatar&r=g"}}]}},"_links":{"self":[{"href":"https:\/\/yusif.az\/main\/index.php?rest_route=\/wp\/v2\/pages\/40","targetHints":{"allow":["GET"]}}],"collection":[{"href":"https:\/\/yusif.az\/main\/index.php?rest_route=\/wp\/v2\/pages"}],"about":[{"href":"https:\/\/yusif.az\/main\/index.php?rest_route=\/wp\/v2\/types\/page"}],"author":[{"embeddable":true,"href":"https:\/\/yusif.az\/main\/index.php?rest_route=\/wp\/v2\/users\/1"}],"replies":[{"embeddable":true,"href":"https:\/\/yusif.az\/main\/index.php?rest_route=%2Fwp%2Fv2%2Fcomments&post=40"}],"version-history":[{"count":23,"href":"https:\/\/yusif.az\/main\/index.php?rest_route=\/wp\/v2\/pages\/40\/revisions"}],"predecessor-version":[{"id":6477,"href":"https:\/\/yusif.az\/main\/index.php?rest_route=\/wp\/v2\/pages\/40\/revisions\/6477"}],"wp:attachment":[{"href":"https:\/\/yusif.az\/main\/index.php?rest_route=%2Fwp%2Fv2%2Fmedia&parent=40"}],"curies":[{"name":"wp","href":"https:\/\/api.w.org\/{rel}","templated":true}]}}