{"id":42,"date":"2016-10-02T21:50:36","date_gmt":"2016-10-02T16:50:36","guid":{"rendered":"http:\/\/yusif.az\/main\/?page_id=42"},"modified":"2023-12-27T12:13:41","modified_gmt":"2023-12-27T08:13:41","slug":"xidm%c9%99tl%c9%99r-biz-sizl%c9%99r%c9%99-asagidaki-xidm%c9%99tl%c9%99ri-ucuz-v%c9%99-keyfiyy%c9%99tl%c9%99-t%c9%99skil-edirik-butun-nov-komputerl%c9%99rin-formatlanmasi-windows-7-sisteminin-ingi","status":"publish","type":"page","link":"https:\/\/yusif.az\/main\/?page_id=42","title":{"rendered":"X\u0130DM\u018fTL\u018fR"},"content":{"rendered":"<blockquote>\n<h2><em><span style=\"color: #008000;\"><strong>Biz sizl\u0259r\u0259 a\u015fa\u011f\u0131dak\u0131 \u0130T xidm\u0259tl\u0259ri ucuz v\u0259 keyfiyy\u0259tl\u0259 t\u0259\u015fkil edirik:<\/strong><\/span><\/em><\/h2>\n<p>&nbsp;<\/p>\n<ul>\n<li style=\"list-style-type: none;\">\n<ul>\n<li>\n<h4><em><strong>B\u00fct\u00fcn n\u00f6v Komp\u00fcterl\u0259rin formatlanmas\u0131 , Parollar\u0131n q\u0131r\u0131lmas\u0131, \u0130\u00e7\u0259risind\u0259ki fay\u0131llar\u0131n g\u00f6t\u00fcr\u00fclm\u0259si.<\/strong><\/em><\/h4>\n<\/li>\n<\/ul>\n<ul>\n<li>\n<h4><em><strong>Windows XP, <\/strong><strong>Windows 7, <\/strong><strong>Windows 8.1, Windows 10, Windows 11 \u0259m\u0259liyyat\u00a0 <\/strong><strong>sisteminin ingilis, rus, t\u00fcrk dilind\u0259 yaz\u0131lmas\u0131.<\/strong><\/em><\/h4>\n<\/li>\n<\/ul>\n<\/li>\n<\/ul>\n<ul>\n<li style=\"list-style-type: none;\">\n<ul>\n<li>\n<h4><em><strong>B\u00fct\u00fcn laz\u0131m olan proqramlar\u0131n yaz\u0131lmas\u0131.<\/strong><\/em><\/h4>\n<\/li>\n<\/ul>\n<ul>\n<li>\n<h4><em><strong>Sd kart v\u0259 Fl\u0259\u015fkartdan silinmi\u015fl\u0259rin geri qaytar\u0131lmas\u0131.<\/strong><\/em><\/h4>\n<\/li>\n<\/ul>\n<ul>\n<li>\n<h4><em><strong>\u015e\u0259b\u0259k\u0259 avadanl\u0131qlar\u0131n\u0131n, printer, swich, hub, modeml\u0259rin\u00a0 \u00a0qura\u015fd\u0131r\u0131lmas\u0131.<\/strong><\/em><\/h4>\n<\/li>\n<\/ul>\n<ul>\n<li>\n<h4><em><strong>Mobil telefonlar\u0131n qeydiyyatdan ke\u00e7irilm\u0259si.<\/strong><\/em><\/h4>\n<\/li>\n<\/ul>\n<ul>\n<li>\n<h4><em><a href=\"http:\/\/yusif.az\/main\/?p=3324\"><strong>e-Mail Xidm\u0259ti<\/strong><\/a><\/em><\/h4>\n<\/li>\n<\/ul>\n<\/li>\n<\/ul>\n<h4><\/h4>\n<h4 style=\"text-align: center;\"><em><span style=\"color: #0000ff;\"><strong>Bir s\u00f6zl\u0259 Komp\u00fcter v\u0259 Proqram t\u0259minat\u0131na, \u015e\u0259b\u0259k\u0259 avadanl\u0131qlar\u0131n\u0131n qura\u015fd\u0131r\u0131lmas\u0131na aid b\u00fct\u00fcn Xidm\u0259tl\u0259r ucuz v\u0259 keyfiyy\u0259tl\u0259 bizd\u0259!<\/strong><\/span><\/em><\/h4>\n<h3 style=\"text-align: left;\"><em><span style=\"color: #ff0000;\"><strong>\u018flaq\u0259: +994 70 241 71 66\u00a0 (Whatsap \u00fc\u00e7\u00fcn ancaq)<\/strong><\/span><\/em><\/h3>\n<h3 style=\"text-align: left;\"><em><span style=\"color: #ff0000;\"><strong>\u00a0 \u00a0 \u00a0 \u00a0 \u00a0 \u00a0 +994 55 241 71 66\u00a0 (Z\u0259ng \u00fc\u00e7\u00fcn ancaq)<\/strong><\/span><\/em><\/h3>\n<p style=\"text-align: right;\">[QR size=&#8221;150&#215;150&#8243; link=&#8221;no&#8221;][\/QR]<\/p>\n<\/blockquote>\n<div style=\"margin: 20px 0;\"><div class=\"qrcswholewtapper\" style=\"text-align:left;\"><div class=\"qrcprowrapper\"  id=\"qrcwraa2leds\"><div class=\"qrc_canvass\" id=\"qrc_cuttenpages_2\" style=\"display:inline-block\" data-text=\"https:\/\/yusif.az\/main\/?page_id=42\"><\/div><div><a download=\"X\u0130DM\u018fTL\u018fR.png\" class=\"qrcdownloads\" id=\"worign\">\r\n           <button type=\"button\" style=\"min-width:110px;background:#44d813;color:#000;font-weight: 600;border: 1px solid #44d813;border-radius:20px;font-size:12px;padding: 6px 0;\" class=\"uqr_code_btn\">QR kodu Y\u00fckl\u0259 \ud83e\udc0b<\/button>\r\n           <\/a><\/div><\/div><\/div><\/div>","protected":false},"excerpt":{"rendered":"<p>Biz sizl\u0259r\u0259 a\u015fa\u011f\u0131dak\u0131 \u0130T xidm\u0259tl\u0259ri ucuz v\u0259 keyfiyy\u0259tl\u0259 t\u0259\u015fkil edirik: &nbsp; B\u00fct\u00fcn n\u00f6v Komp\u00fcterl\u0259rin formatlanmas\u0131 , Parollar\u0131n q\u0131r\u0131lmas\u0131, \u0130\u00e7\u0259risind\u0259ki fay\u0131llar\u0131n g\u00f6t\u00fcr\u00fclm\u0259si. Windows XP, Windows 7, Windows 8.1, Windows 10, Windows 11 \u0259m\u0259liyyat\u00a0 sisteminin ingilis, rus, t\u00fcrk dilind\u0259 yaz\u0131lmas\u0131. B\u00fct\u00fcn laz\u0131m olan proqramlar\u0131n yaz\u0131lmas\u0131. Sd kart v\u0259 Fl\u0259\u015fkartdan silinmi\u015fl\u0259rin geri qaytar\u0131lmas\u0131. \u015e\u0259b\u0259k\u0259 avadanl\u0131qlar\u0131n\u0131n, printer, swich, hub, [&hellip;]<\/p>\n","protected":false},"author":1,"featured_media":0,"parent":0,"menu_order":5,"comment_status":"closed","ping_status":"closed","template":"","meta":{"footnotes":""},"class_list":["post-42","page","type-page","status-publish","hentry"],"yoast_head":"<!-- This site is optimized with the Yoast SEO plugin v27.4 - https:\/\/yoast.com\/product\/yoast-seo-wordpress\/ -->\n<title>X\u0130DM\u018fTL\u018fR - www.YUSIF.az -<\/title>\n<meta name=\"description\" content=\"X\u0130DM\u018fTL\u018fRBiz sizl\u0259r\u0259 a\u015fa\u011f\u0131dak\u0131 xidm\u0259tl\u0259ri ucuz v\u0259 keyfiyy\u0259tl\u0259 t\u0259\u015fkil edirik: B\u00fct\u00fcn n\u00f6v Komp\u00fcterl\u0259rin formatlanmas\u0131 Windows 7 sisteminin ingilis, rus, t\u00fcrk dilind\u0259 yaz\u0131lmas\u0131Windows XP, Windows 8.1, Windows 10 \u0259m\u0259liyyat sisteminin yaz\u0131lmas\u0131B\u00fct\u00fcn laz\u0131m olan proqramlar\u0131n yaz\u0131lmas\u0131 (Antiviruslar\u0131n)Sd kard v\u0259 Fl\u0259\u015fkardan silinmi\u015fl\u0259rin geri qaytar\u0131lmas\u0131\u015e\u0259b\u0259k\u0259 avadanl\u0131qlar\u0131n\u0131n, printer, swich, hub, modeml\u0259rin qura\u015fd\u0131r\u0131lmas\u0131Mobil telefonlar\u0131n qeydiyyatdan ke\u00e7irilm\u0259sie-Mail Xidm\u0259tiBir s\u00f6zl\u0259 Komp\u00fcter v\u0259 Proqram t\u0259minat\u0131na, \u015e\u0259bk\u0259 avadanl\u0131qlar\u0131n\u0131n qura\u015fd\u0131r\u0131lmas\u0131na aid b\u00fct\u00fcn Xidm\u0259tl\u0259r ucuz v\u0259 keyfiyy\u0259tl\u0259 bizd\u0259!\u018flaq\u0259: +994 55 245 10 71 (Whatsap \u00fc\u00e7\u00fcn ancaq) +994 55 241 71 66 (Z\u0259ng \u00fc\u00e7\u00fcn ancaq)\" \/>\n<meta name=\"robots\" content=\"index, follow, max-snippet:-1, max-image-preview:large, max-video-preview:-1\" \/>\n<link rel=\"canonical\" href=\"https:\/\/yusif.az\/main\/?page_id=42\" \/>\n<meta property=\"og:locale\" content=\"az_AZ\" \/>\n<meta property=\"og:type\" content=\"article\" \/>\n<meta property=\"og:title\" content=\"X\u0130DM\u018fTL\u018fR - www.YUSIF.az -\" \/>\n<meta property=\"og:description\" content=\"X\u0130DM\u018fTL\u018fRBiz sizl\u0259r\u0259 a\u015fa\u011f\u0131dak\u0131 xidm\u0259tl\u0259ri ucuz v\u0259 keyfiyy\u0259tl\u0259 t\u0259\u015fkil edirik: B\u00fct\u00fcn n\u00f6v Komp\u00fcterl\u0259rin formatlanmas\u0131 Windows 7 sisteminin ingilis, rus, t\u00fcrk dilind\u0259 yaz\u0131lmas\u0131Windows XP, Windows 8.1, Windows 10 \u0259m\u0259liyyat sisteminin yaz\u0131lmas\u0131B\u00fct\u00fcn laz\u0131m olan proqramlar\u0131n yaz\u0131lmas\u0131 (Antiviruslar\u0131n)Sd kard v\u0259 Fl\u0259\u015fkardan silinmi\u015fl\u0259rin geri qaytar\u0131lmas\u0131\u015e\u0259b\u0259k\u0259 avadanl\u0131qlar\u0131n\u0131n, printer, swich, hub, modeml\u0259rin qura\u015fd\u0131r\u0131lmas\u0131Mobil telefonlar\u0131n qeydiyyatdan ke\u00e7irilm\u0259sie-Mail Xidm\u0259tiBir s\u00f6zl\u0259 Komp\u00fcter v\u0259 Proqram t\u0259minat\u0131na, \u015e\u0259bk\u0259 avadanl\u0131qlar\u0131n\u0131n qura\u015fd\u0131r\u0131lmas\u0131na aid b\u00fct\u00fcn Xidm\u0259tl\u0259r ucuz v\u0259 keyfiyy\u0259tl\u0259 bizd\u0259!\u018flaq\u0259: +994 55 245 10 71 (Whatsap \u00fc\u00e7\u00fcn ancaq) +994 55 241 71 66 (Z\u0259ng \u00fc\u00e7\u00fcn ancaq)\" \/>\n<meta property=\"og:url\" content=\"https:\/\/yusif.az\/main\/?page_id=42\" \/>\n<meta property=\"og:site_name\" content=\"www.YUSIF.az\" \/>\n<meta property=\"article:modified_time\" content=\"2023-12-27T08:13:41+00:00\" \/>\n<meta name=\"twitter:card\" content=\"summary_large_image\" \/>\n<script type=\"application\/ld+json\" class=\"yoast-schema-graph\">{\"@context\":\"https:\\\/\\\/schema.org\",\"@graph\":[{\"@type\":\"WebPage\",\"@id\":\"https:\\\/\\\/yusif.az\\\/main\\\/?page_id=42\",\"url\":\"https:\\\/\\\/yusif.az\\\/main\\\/?page_id=42\",\"name\":\"X\u0130DM\u018fTL\u018fR - www.YUSIF.az -\",\"isPartOf\":{\"@id\":\"https:\\\/\\\/yusif.az\\\/main\\\/#website\"},\"datePublished\":\"2016-10-02T16:50:36+00:00\",\"dateModified\":\"2023-12-27T08:13:41+00:00\",\"description\":\"X\u0130DM\u018fTL\u018fRBiz sizl\u0259r\u0259 a\u015fa\u011f\u0131dak\u0131 xidm\u0259tl\u0259ri ucuz v\u0259 keyfiyy\u0259tl\u0259 t\u0259\u015fkil edirik: B\u00fct\u00fcn n\u00f6v Komp\u00fcterl\u0259rin formatlanmas\u0131 Windows 7 sisteminin ingilis, rus, t\u00fcrk dilind\u0259 yaz\u0131lmas\u0131Windows XP, Windows 8.1, Windows 10 \u0259m\u0259liyyat sisteminin yaz\u0131lmas\u0131B\u00fct\u00fcn laz\u0131m olan proqramlar\u0131n yaz\u0131lmas\u0131 (Antiviruslar\u0131n)Sd kard v\u0259 Fl\u0259\u015fkardan silinmi\u015fl\u0259rin geri qaytar\u0131lmas\u0131\u015e\u0259b\u0259k\u0259 avadanl\u0131qlar\u0131n\u0131n, printer, swich, hub, modeml\u0259rin qura\u015fd\u0131r\u0131lmas\u0131Mobil telefonlar\u0131n qeydiyyatdan ke\u00e7irilm\u0259sie-Mail Xidm\u0259tiBir s\u00f6zl\u0259 Komp\u00fcter v\u0259 Proqram t\u0259minat\u0131na, \u015e\u0259bk\u0259 avadanl\u0131qlar\u0131n\u0131n qura\u015fd\u0131r\u0131lmas\u0131na aid b\u00fct\u00fcn Xidm\u0259tl\u0259r ucuz v\u0259 keyfiyy\u0259tl\u0259 bizd\u0259!\u018flaq\u0259: +994 55 245 10 71 (Whatsap \u00fc\u00e7\u00fcn ancaq) +994 55 241 71 66 (Z\u0259ng \u00fc\u00e7\u00fcn ancaq)\",\"breadcrumb\":{\"@id\":\"https:\\\/\\\/yusif.az\\\/main\\\/?page_id=42#breadcrumb\"},\"inLanguage\":\"az\",\"potentialAction\":[{\"@type\":\"ReadAction\",\"target\":[\"https:\\\/\\\/yusif.az\\\/main\\\/?page_id=42\"]}]},{\"@type\":\"BreadcrumbList\",\"@id\":\"https:\\\/\\\/yusif.az\\\/main\\\/?page_id=42#breadcrumb\",\"itemListElement\":[{\"@type\":\"ListItem\",\"position\":1,\"name\":\"Home\",\"item\":\"https:\\\/\\\/yusif.az\\\/main\"},{\"@type\":\"ListItem\",\"position\":2,\"name\":\"X\u0130DM\u018fTL\u018fR\"}]},{\"@type\":\"WebSite\",\"@id\":\"https:\\\/\\\/yusif.az\\\/main\\\/#website\",\"url\":\"https:\\\/\\\/yusif.az\\\/main\\\/\",\"name\":\"www.YUSIF.az\",\"description\":\"Birlikd\u0259 Y\u00fcks\u0259li\u015f\u0259 Do\u011fru!!!\",\"publisher\":{\"@id\":\"https:\\\/\\\/yusif.az\\\/main\\\/#\\\/schema\\\/person\\\/904da2c1a1bbe7e501df95c2bc38d146\"},\"potentialAction\":[{\"@type\":\"SearchAction\",\"target\":{\"@type\":\"EntryPoint\",\"urlTemplate\":\"https:\\\/\\\/yusif.az\\\/main\\\/?s={search_term_string}\"},\"query-input\":{\"@type\":\"PropertyValueSpecification\",\"valueRequired\":true,\"valueName\":\"search_term_string\"}}],\"inLanguage\":\"az\"},{\"@type\":[\"Person\",\"Organization\"],\"@id\":\"https:\\\/\\\/yusif.az\\\/main\\\/#\\\/schema\\\/person\\\/904da2c1a1bbe7e501df95c2bc38d146\",\"name\":\"auto61\",\"image\":{\"@type\":\"ImageObject\",\"inLanguage\":\"az\",\"@id\":\"https:\\\/\\\/secure.gravatar.com\\\/avatar\\\/206904355e04c426b5ca443938aabf7f3ee8e177abeb155e7567388fa9c208a3?s=96&d=wavatar&r=g\",\"url\":\"https:\\\/\\\/secure.gravatar.com\\\/avatar\\\/206904355e04c426b5ca443938aabf7f3ee8e177abeb155e7567388fa9c208a3?s=96&d=wavatar&r=g\",\"contentUrl\":\"https:\\\/\\\/secure.gravatar.com\\\/avatar\\\/206904355e04c426b5ca443938aabf7f3ee8e177abeb155e7567388fa9c208a3?s=96&d=wavatar&r=g\",\"caption\":\"auto61\"},\"logo\":{\"@id\":\"https:\\\/\\\/secure.gravatar.com\\\/avatar\\\/206904355e04c426b5ca443938aabf7f3ee8e177abeb155e7567388fa9c208a3?s=96&d=wavatar&r=g\"}}]}<\/script>\n<!-- \/ Yoast SEO plugin. -->","yoast_head_json":{"title":"X\u0130DM\u018fTL\u018fR - www.YUSIF.az -","description":"X\u0130DM\u018fTL\u018fRBiz sizl\u0259r\u0259 a\u015fa\u011f\u0131dak\u0131 xidm\u0259tl\u0259ri ucuz v\u0259 keyfiyy\u0259tl\u0259 t\u0259\u015fkil edirik: B\u00fct\u00fcn n\u00f6v Komp\u00fcterl\u0259rin formatlanmas\u0131 Windows 7 sisteminin ingilis, rus, t\u00fcrk dilind\u0259 yaz\u0131lmas\u0131Windows XP, Windows 8.1, Windows 10 \u0259m\u0259liyyat sisteminin yaz\u0131lmas\u0131B\u00fct\u00fcn laz\u0131m olan proqramlar\u0131n yaz\u0131lmas\u0131 (Antiviruslar\u0131n)Sd kard v\u0259 Fl\u0259\u015fkardan silinmi\u015fl\u0259rin geri qaytar\u0131lmas\u0131\u015e\u0259b\u0259k\u0259 avadanl\u0131qlar\u0131n\u0131n, printer, swich, hub, modeml\u0259rin qura\u015fd\u0131r\u0131lmas\u0131Mobil telefonlar\u0131n qeydiyyatdan ke\u00e7irilm\u0259sie-Mail Xidm\u0259tiBir s\u00f6zl\u0259 Komp\u00fcter v\u0259 Proqram t\u0259minat\u0131na, \u015e\u0259bk\u0259 avadanl\u0131qlar\u0131n\u0131n qura\u015fd\u0131r\u0131lmas\u0131na aid b\u00fct\u00fcn Xidm\u0259tl\u0259r ucuz v\u0259 keyfiyy\u0259tl\u0259 bizd\u0259!\u018flaq\u0259: +994 55 245 10 71 (Whatsap \u00fc\u00e7\u00fcn ancaq) +994 55 241 71 66 (Z\u0259ng \u00fc\u00e7\u00fcn ancaq)","robots":{"index":"index","follow":"follow","max-snippet":"max-snippet:-1","max-image-preview":"max-image-preview:large","max-video-preview":"max-video-preview:-1"},"canonical":"https:\/\/yusif.az\/main\/?page_id=42","og_locale":"az_AZ","og_type":"article","og_title":"X\u0130DM\u018fTL\u018fR - www.YUSIF.az -","og_description":"X\u0130DM\u018fTL\u018fRBiz sizl\u0259r\u0259 a\u015fa\u011f\u0131dak\u0131 xidm\u0259tl\u0259ri ucuz v\u0259 keyfiyy\u0259tl\u0259 t\u0259\u015fkil edirik: B\u00fct\u00fcn n\u00f6v Komp\u00fcterl\u0259rin formatlanmas\u0131 Windows 7 sisteminin ingilis, rus, t\u00fcrk dilind\u0259 yaz\u0131lmas\u0131Windows XP, Windows 8.1, Windows 10 \u0259m\u0259liyyat sisteminin yaz\u0131lmas\u0131B\u00fct\u00fcn laz\u0131m olan proqramlar\u0131n yaz\u0131lmas\u0131 (Antiviruslar\u0131n)Sd kard v\u0259 Fl\u0259\u015fkardan silinmi\u015fl\u0259rin geri qaytar\u0131lmas\u0131\u015e\u0259b\u0259k\u0259 avadanl\u0131qlar\u0131n\u0131n, printer, swich, hub, modeml\u0259rin qura\u015fd\u0131r\u0131lmas\u0131Mobil telefonlar\u0131n qeydiyyatdan ke\u00e7irilm\u0259sie-Mail Xidm\u0259tiBir s\u00f6zl\u0259 Komp\u00fcter v\u0259 Proqram t\u0259minat\u0131na, \u015e\u0259bk\u0259 avadanl\u0131qlar\u0131n\u0131n qura\u015fd\u0131r\u0131lmas\u0131na aid b\u00fct\u00fcn Xidm\u0259tl\u0259r ucuz v\u0259 keyfiyy\u0259tl\u0259 bizd\u0259!\u018flaq\u0259: +994 55 245 10 71 (Whatsap \u00fc\u00e7\u00fcn ancaq) +994 55 241 71 66 (Z\u0259ng \u00fc\u00e7\u00fcn ancaq)","og_url":"https:\/\/yusif.az\/main\/?page_id=42","og_site_name":"www.YUSIF.az","article_modified_time":"2023-12-27T08:13:41+00:00","twitter_card":"summary_large_image","schema":{"@context":"https:\/\/schema.org","@graph":[{"@type":"WebPage","@id":"https:\/\/yusif.az\/main\/?page_id=42","url":"https:\/\/yusif.az\/main\/?page_id=42","name":"X\u0130DM\u018fTL\u018fR - www.YUSIF.az -","isPartOf":{"@id":"https:\/\/yusif.az\/main\/#website"},"datePublished":"2016-10-02T16:50:36+00:00","dateModified":"2023-12-27T08:13:41+00:00","description":"X\u0130DM\u018fTL\u018fRBiz sizl\u0259r\u0259 a\u015fa\u011f\u0131dak\u0131 xidm\u0259tl\u0259ri ucuz v\u0259 keyfiyy\u0259tl\u0259 t\u0259\u015fkil edirik: B\u00fct\u00fcn n\u00f6v Komp\u00fcterl\u0259rin formatlanmas\u0131 Windows 7 sisteminin ingilis, rus, t\u00fcrk dilind\u0259 yaz\u0131lmas\u0131Windows XP, Windows 8.1, Windows 10 \u0259m\u0259liyyat sisteminin yaz\u0131lmas\u0131B\u00fct\u00fcn laz\u0131m olan proqramlar\u0131n yaz\u0131lmas\u0131 (Antiviruslar\u0131n)Sd kard v\u0259 Fl\u0259\u015fkardan silinmi\u015fl\u0259rin geri qaytar\u0131lmas\u0131\u015e\u0259b\u0259k\u0259 avadanl\u0131qlar\u0131n\u0131n, printer, swich, hub, modeml\u0259rin qura\u015fd\u0131r\u0131lmas\u0131Mobil telefonlar\u0131n qeydiyyatdan ke\u00e7irilm\u0259sie-Mail Xidm\u0259tiBir s\u00f6zl\u0259 Komp\u00fcter v\u0259 Proqram t\u0259minat\u0131na, \u015e\u0259bk\u0259 avadanl\u0131qlar\u0131n\u0131n qura\u015fd\u0131r\u0131lmas\u0131na aid b\u00fct\u00fcn Xidm\u0259tl\u0259r ucuz v\u0259 keyfiyy\u0259tl\u0259 bizd\u0259!\u018flaq\u0259: +994 55 245 10 71 (Whatsap \u00fc\u00e7\u00fcn ancaq) +994 55 241 71 66 (Z\u0259ng \u00fc\u00e7\u00fcn ancaq)","breadcrumb":{"@id":"https:\/\/yusif.az\/main\/?page_id=42#breadcrumb"},"inLanguage":"az","potentialAction":[{"@type":"ReadAction","target":["https:\/\/yusif.az\/main\/?page_id=42"]}]},{"@type":"BreadcrumbList","@id":"https:\/\/yusif.az\/main\/?page_id=42#breadcrumb","itemListElement":[{"@type":"ListItem","position":1,"name":"Home","item":"https:\/\/yusif.az\/main"},{"@type":"ListItem","position":2,"name":"X\u0130DM\u018fTL\u018fR"}]},{"@type":"WebSite","@id":"https:\/\/yusif.az\/main\/#website","url":"https:\/\/yusif.az\/main\/","name":"www.YUSIF.az","description":"Birlikd\u0259 Y\u00fcks\u0259li\u015f\u0259 Do\u011fru!!!","publisher":{"@id":"https:\/\/yusif.az\/main\/#\/schema\/person\/904da2c1a1bbe7e501df95c2bc38d146"},"potentialAction":[{"@type":"SearchAction","target":{"@type":"EntryPoint","urlTemplate":"https:\/\/yusif.az\/main\/?s={search_term_string}"},"query-input":{"@type":"PropertyValueSpecification","valueRequired":true,"valueName":"search_term_string"}}],"inLanguage":"az"},{"@type":["Person","Organization"],"@id":"https:\/\/yusif.az\/main\/#\/schema\/person\/904da2c1a1bbe7e501df95c2bc38d146","name":"auto61","image":{"@type":"ImageObject","inLanguage":"az","@id":"https:\/\/secure.gravatar.com\/avatar\/206904355e04c426b5ca443938aabf7f3ee8e177abeb155e7567388fa9c208a3?s=96&d=wavatar&r=g","url":"https:\/\/secure.gravatar.com\/avatar\/206904355e04c426b5ca443938aabf7f3ee8e177abeb155e7567388fa9c208a3?s=96&d=wavatar&r=g","contentUrl":"https:\/\/secure.gravatar.com\/avatar\/206904355e04c426b5ca443938aabf7f3ee8e177abeb155e7567388fa9c208a3?s=96&d=wavatar&r=g","caption":"auto61"},"logo":{"@id":"https:\/\/secure.gravatar.com\/avatar\/206904355e04c426b5ca443938aabf7f3ee8e177abeb155e7567388fa9c208a3?s=96&d=wavatar&r=g"}}]}},"_links":{"self":[{"href":"https:\/\/yusif.az\/main\/index.php?rest_route=\/wp\/v2\/pages\/42","targetHints":{"allow":["GET"]}}],"collection":[{"href":"https:\/\/yusif.az\/main\/index.php?rest_route=\/wp\/v2\/pages"}],"about":[{"href":"https:\/\/yusif.az\/main\/index.php?rest_route=\/wp\/v2\/types\/page"}],"author":[{"embeddable":true,"href":"https:\/\/yusif.az\/main\/index.php?rest_route=\/wp\/v2\/users\/1"}],"replies":[{"embeddable":true,"href":"https:\/\/yusif.az\/main\/index.php?rest_route=%2Fwp%2Fv2%2Fcomments&post=42"}],"version-history":[{"count":21,"href":"https:\/\/yusif.az\/main\/index.php?rest_route=\/wp\/v2\/pages\/42\/revisions"}],"predecessor-version":[{"id":6746,"href":"https:\/\/yusif.az\/main\/index.php?rest_route=\/wp\/v2\/pages\/42\/revisions\/6746"}],"wp:attachment":[{"href":"https:\/\/yusif.az\/main\/index.php?rest_route=%2Fwp%2Fv2%2Fmedia&parent=42"}],"curies":[{"name":"wp","href":"https:\/\/api.w.org\/{rel}","templated":true}]}}