{"id":4797,"date":"2019-07-26T15:33:15","date_gmt":"2019-07-26T11:33:15","guid":{"rendered":"http:\/\/yusif.az\/main\/?page_id=4797"},"modified":"2021-02-21T16:43:17","modified_gmt":"2021-02-21T12:43:17","slug":"od%c9%99nisli-sinaq","status":"publish","type":"page","link":"https:\/\/yusif.az\/main\/?page_id=4797","title":{"rendered":"\u00d6d\u0259ni\u015fli S\u0131naq"},"content":{"rendered":"","protected":true},"excerpt":{"rendered":"","protected":true},"author":1,"featured_media":0,"parent":42,"menu_order":4,"comment_status":"closed","ping_status":"closed","template":"","meta":{"footnotes":""},"class_list":["post-4797","page","type-page","status-publish","post-password-required","hentry"],"yoast_head":"<!-- This site is optimized with the Yoast SEO plugin v26.9 - https:\/\/yoast.com\/product\/yoast-seo-wordpress\/ -->\n<title>\u00d6d\u0259ni\u015fli S\u0131naq - www.YUSIF.az -<\/title>\n<meta name=\"description\" content=\"S\u0131naq\u0131n t\u0259rtibcisi: Ay\u0259ddin \u018fl\u0259sg\u0259rli.D\u0259st\u0259k: http:\/\/Yusif.AzD\u00f6vl\u0259t Qullu\u011funa Haz\u0131rl\u0131q \u00fc\u00e7\u00fcnAy\u0259ddin m\u00fc\u0259llim\u0259 m\u00fcraci\u0259t ed\u0259 bil\u0259rsiz: 070-874-32-38\" \/>\n<meta name=\"robots\" content=\"index, follow, max-snippet:-1, max-image-preview:large, max-video-preview:-1\" \/>\n<link rel=\"canonical\" href=\"https:\/\/yusif.az\/main\/?page_id=4797\" \/>\n<meta property=\"og:locale\" content=\"az_AZ\" \/>\n<meta property=\"og:type\" content=\"article\" \/>\n<meta property=\"og:title\" content=\"\u00d6d\u0259ni\u015fli S\u0131naq - www.YUSIF.az -\" \/>\n<meta property=\"og:description\" content=\"S\u0131naq\u0131n t\u0259rtibcisi: Ay\u0259ddin \u018fl\u0259sg\u0259rli.D\u0259st\u0259k: http:\/\/Yusif.AzD\u00f6vl\u0259t Qullu\u011funa Haz\u0131rl\u0131q \u00fc\u00e7\u00fcnAy\u0259ddin m\u00fc\u0259llim\u0259 m\u00fcraci\u0259t ed\u0259 bil\u0259rsiz: 070-874-32-38\" \/>\n<meta property=\"og:url\" content=\"https:\/\/yusif.az\/main\/?page_id=4797\" \/>\n<meta property=\"og:site_name\" content=\"www.YUSIF.az\" \/>\n<meta property=\"article:modified_time\" content=\"2021-02-21T12:43:17+00:00\" \/>\n<meta name=\"twitter:card\" content=\"summary_large_image\" \/>\n<script type=\"application\/ld+json\" class=\"yoast-schema-graph\">{\"@context\":\"https:\/\/schema.org\",\"@graph\":[{\"@type\":\"WebPage\",\"@id\":\"https:\/\/yusif.az\/main\/?page_id=4797\",\"url\":\"https:\/\/yusif.az\/main\/?page_id=4797\",\"name\":\"\u00d6d\u0259ni\u015fli S\u0131naq - www.YUSIF.az -\",\"isPartOf\":{\"@id\":\"https:\/\/yusif.az\/main\/#website\"},\"datePublished\":\"2019-07-26T11:33:15+00:00\",\"dateModified\":\"2021-02-21T12:43:17+00:00\",\"breadcrumb\":{\"@id\":\"https:\/\/yusif.az\/main\/?page_id=4797#breadcrumb\"},\"inLanguage\":\"az\"},{\"@type\":\"WebSite\",\"@id\":\"https:\/\/yusif.az\/main\/#website\",\"url\":\"https:\/\/yusif.az\/main\/\",\"name\":\"www.YUSIF.az\",\"description\":\"Birlikd\u0259 Y\u00fcks\u0259li\u015f\u0259 Do\u011fru!!!\",\"publisher\":{\"@id\":\"https:\/\/yusif.az\/main\/#\/schema\/person\/904da2c1a1bbe7e501df95c2bc38d146\"},\"potentialAction\":[{\"@type\":\"SearchAction\",\"target\":{\"@type\":\"EntryPoint\",\"urlTemplate\":\"https:\/\/yusif.az\/main\/?s={search_term_string}\"},\"query-input\":{\"@type\":\"PropertyValueSpecification\",\"valueRequired\":true,\"valueName\":\"search_term_string\"}}],\"inLanguage\":\"az\"}]}<\/script>\n<!-- \/ Yoast SEO plugin. -->","yoast_head_json":{"title":"\u00d6d\u0259ni\u015fli S\u0131naq - www.YUSIF.az -","description":"S\u0131naq\u0131n t\u0259rtibcisi: Ay\u0259ddin \u018fl\u0259sg\u0259rli.D\u0259st\u0259k: http:\/\/Yusif.AzD\u00f6vl\u0259t Qullu\u011funa Haz\u0131rl\u0131q \u00fc\u00e7\u00fcnAy\u0259ddin m\u00fc\u0259llim\u0259 m\u00fcraci\u0259t ed\u0259 bil\u0259rsiz: 070-874-32-38","robots":{"index":"index","follow":"follow","max-snippet":"max-snippet:-1","max-image-preview":"max-image-preview:large","max-video-preview":"max-video-preview:-1"},"canonical":"https:\/\/yusif.az\/main\/?page_id=4797","og_locale":"az_AZ","og_type":"article","og_title":"\u00d6d\u0259ni\u015fli S\u0131naq - www.YUSIF.az -","og_description":"S\u0131naq\u0131n t\u0259rtibcisi: Ay\u0259ddin \u018fl\u0259sg\u0259rli.D\u0259st\u0259k: http:\/\/Yusif.AzD\u00f6vl\u0259t Qullu\u011funa Haz\u0131rl\u0131q \u00fc\u00e7\u00fcnAy\u0259ddin m\u00fc\u0259llim\u0259 m\u00fcraci\u0259t ed\u0259 bil\u0259rsiz: 070-874-32-38","og_url":"https:\/\/yusif.az\/main\/?page_id=4797","og_site_name":"www.YUSIF.az","article_modified_time":"2021-02-21T12:43:17+00:00","twitter_card":"summary_large_image","schema":{"@context":"https:\/\/schema.org","@graph":[{"@type":"WebPage","@id":"https:\/\/yusif.az\/main\/?page_id=4797","url":"https:\/\/yusif.az\/main\/?page_id=4797","name":"\u00d6d\u0259ni\u015fli S\u0131naq - www.YUSIF.az -","isPartOf":{"@id":"https:\/\/yusif.az\/main\/#website"},"datePublished":"2019-07-26T11:33:15+00:00","dateModified":"2021-02-21T12:43:17+00:00","breadcrumb":{"@id":"https:\/\/yusif.az\/main\/?page_id=4797#breadcrumb"},"inLanguage":"az"},{"@type":"WebSite","@id":"https:\/\/yusif.az\/main\/#website","url":"https:\/\/yusif.az\/main\/","name":"www.YUSIF.az","description":"Birlikd\u0259 Y\u00fcks\u0259li\u015f\u0259 Do\u011fru!!!","publisher":{"@id":"https:\/\/yusif.az\/main\/#\/schema\/person\/904da2c1a1bbe7e501df95c2bc38d146"},"potentialAction":[{"@type":"SearchAction","target":{"@type":"EntryPoint","urlTemplate":"https:\/\/yusif.az\/main\/?s={search_term_string}"},"query-input":{"@type":"PropertyValueSpecification","valueRequired":true,"valueName":"search_term_string"}}],"inLanguage":"az"}]}},"_links":{"self":[{"href":"https:\/\/yusif.az\/main\/index.php?rest_route=\/wp\/v2\/pages\/4797","targetHints":{"allow":["GET"]}}],"collection":[{"href":"https:\/\/yusif.az\/main\/index.php?rest_route=\/wp\/v2\/pages"}],"about":[{"href":"https:\/\/yusif.az\/main\/index.php?rest_route=\/wp\/v2\/types\/page"}],"author":[{"embeddable":true,"href":"https:\/\/yusif.az\/main\/index.php?rest_route=\/wp\/v2\/users\/1"}],"replies":[{"embeddable":true,"href":"https:\/\/yusif.az\/main\/index.php?rest_route=%2Fwp%2Fv2%2Fcomments&post=4797"}],"version-history":[{"count":4,"href":"https:\/\/yusif.az\/main\/index.php?rest_route=\/wp\/v2\/pages\/4797\/revisions"}],"predecessor-version":[{"id":5058,"href":"https:\/\/yusif.az\/main\/index.php?rest_route=\/wp\/v2\/pages\/4797\/revisions\/5058"}],"up":[{"embeddable":true,"href":"https:\/\/yusif.az\/main\/index.php?rest_route=\/wp\/v2\/pages\/42"}],"wp:attachment":[{"href":"https:\/\/yusif.az\/main\/index.php?rest_route=%2Fwp%2Fv2%2Fmedia&parent=4797"}],"curies":[{"name":"wp","href":"https:\/\/api.w.org\/{rel}","templated":true}]}}