{"id":49,"date":"2016-10-02T22:24:53","date_gmt":"2016-10-02T17:24:53","guid":{"rendered":"http:\/\/yusif.az\/main\/?page_id=49"},"modified":"2021-11-09T23:46:56","modified_gmt":"2021-11-09T19:46:56","slug":"testl%c9%99r-testl%c9%99r-bolm%c9%99si-sinaq-testl%c9%99ri-qanunvericilik-m%c9%99ntiq-az%c9%99rbaycan-dili-test-movzular-informatika","status":"publish","type":"page","link":"https:\/\/yusif.az\/main\/?page_id=49","title":{"rendered":"TESTL\u018fR"},"content":{"rendered":"<blockquote>\n<h1 style=\"text-align: center;\"><strong>TESTL\u018fR B\u00d6LM\u018fS\u0130<\/strong><\/h1>\n<\/blockquote>\n<p>&nbsp;<\/p>\n<blockquote><p>&nbsp;<\/p>\n<ul>\n<li>\n<h3><span style=\"color: #3366ff;\"><strong><a style=\"color: #3366ff;\" href=\"http:\/\/yusif.az\/main\/?cat=35\">SINAQ TESTL\u018fR\u0130<\/a><\/strong><\/span><\/h3>\n<\/li>\n<\/ul>\n<\/blockquote>\n<p>&nbsp;<\/p>\n<blockquote><p>&nbsp;<\/p>\n<ul>\n<li style=\"text-align: left;\">\n<h3><span style=\"color: #ff0000;\"><strong><a style=\"color: #ff0000;\" href=\"http:\/\/yusif.az\/main\/?cat=15\">QANUNVER\u0130C\u0130L\u0130K<\/a><\/strong><\/span><\/h3>\n<\/li>\n<\/ul>\n<\/blockquote>\n<p>&nbsp;<\/p>\n<blockquote><p>&nbsp;<\/p>\n<ul>\n<li>\n<h3><span style=\"color: #008000;\"><strong><a style=\"color: #008000;\" href=\"http:\/\/yusif.az\/main\/?cat=18\">M\u018fNT\u0130Q<\/a><\/strong><\/span><\/h3>\n<\/li>\n<\/ul>\n<\/blockquote>\n<p>&nbsp;<\/p>\n<blockquote><p>&nbsp;<\/p>\n<ul>\n<li>\n<h3><span style=\"color: #0000ff;\"><strong><a style=\"color: #0000ff;\" href=\"http:\/\/yusif.az\/main\/?cat=17\">AZ\u018fRBAYCAN D\u0130L\u0130<\/a>\u00a0 (TEST &#8211; M\u00d6VZULAR)<\/strong><\/span><\/h3>\n<\/li>\n<\/ul>\n<\/blockquote>\n<p>&nbsp;<\/p>\n<blockquote><p>&nbsp;<\/p>\n<ul>\n<li>\n<h3><span style=\"color: #ff0000;\"><strong><a style=\"color: #ff0000;\" href=\"http:\/\/yusif.az\/main\/?cat=16\">\u0130NFORMAT\u0130KA<\/a><\/strong><\/span><\/h3>\n<\/li>\n<\/ul>\n<\/blockquote>\n<p style=\"text-align: right;\">[QR size=&#8221;150&#215;150&#8243; link=&#8221;no&#8221;][\/QR]<\/p>\n<div style=\"margin: 20px 0;\"><div class=\"qrcswholewtapper\" style=\"text-align:left;\"><div class=\"qrcprowrapper\"  id=\"qrcwraa2leds\"><div class=\"qrc_canvass\" id=\"qrc_cuttenpages_2\" style=\"display:inline-block\" data-text=\"https:\/\/yusif.az\/main\/?page_id=49\"><\/div><div><a download=\"TESTL\u018fR.png\" class=\"qrcdownloads\" id=\"worign\">\r\n           <button type=\"button\" style=\"min-width:110px;background:#44d813;color:#000;font-weight: 600;border: 1px solid #44d813;border-radius:20px;font-size:12px;padding: 6px 0;\" class=\"uqr_code_btn\">QR kodu Y\u00fckl\u0259 \ud83e\udc0b<\/button>\r\n           <\/a><\/div><\/div><\/div><\/div>","protected":false},"excerpt":{"rendered":"<p>TESTL\u018fR B\u00d6LM\u018fS\u0130 &nbsp; &nbsp; SINAQ TESTL\u018fR\u0130 &nbsp; &nbsp; QANUNVER\u0130C\u0130L\u0130K &nbsp; &nbsp; M\u018fNT\u0130Q &nbsp; &nbsp; AZ\u018fRBAYCAN D\u0130L\u0130\u00a0 (TEST &#8211; M\u00d6VZULAR) &nbsp; &nbsp; \u0130NFORMAT\u0130KA [QR size=&#8221;150&#215;150&#8243; link=&#8221;no&#8221;][\/QR] QR kodu Y\u00fckl\u0259 \ud83e\udc0b<\/p>\n","protected":false},"author":1,"featured_media":0,"parent":0,"menu_order":4,"comment_status":"closed","ping_status":"closed","template":"","meta":{"footnotes":""},"class_list":["post-49","page","type-page","status-publish","hentry"],"yoast_head":"<!-- This site is optimized with the Yoast SEO plugin v27.4 - https:\/\/yoast.com\/product\/yoast-seo-wordpress\/ -->\n<title>TESTL\u018fR - www.YUSIF.az -<\/title>\n<meta name=\"description\" content=\"TESTL\u018fRTESTL\u018fR B\u00d6LM\u018fS\u0130 SINAQ TESTL\u018fR\u0130 QANUNVER\u0130C\u0130L\u0130K M\u018fNT\u0130Q AZ\u018fRBAYCAN D\u0130L\u0130 (TEST \u2013 M\u00d6VZULAR) \u0130NFORMAT\u0130KA\" \/>\n<meta name=\"robots\" content=\"index, follow, max-snippet:-1, max-image-preview:large, max-video-preview:-1\" \/>\n<link rel=\"canonical\" href=\"https:\/\/yusif.az\/main\/?page_id=49\" \/>\n<meta property=\"og:locale\" content=\"az_AZ\" \/>\n<meta property=\"og:type\" content=\"article\" \/>\n<meta property=\"og:title\" content=\"TESTL\u018fR - www.YUSIF.az -\" \/>\n<meta property=\"og:description\" content=\"TESTL\u018fRTESTL\u018fR B\u00d6LM\u018fS\u0130 SINAQ TESTL\u018fR\u0130 QANUNVER\u0130C\u0130L\u0130K M\u018fNT\u0130Q AZ\u018fRBAYCAN D\u0130L\u0130 (TEST \u2013 M\u00d6VZULAR) \u0130NFORMAT\u0130KA\" \/>\n<meta property=\"og:url\" content=\"https:\/\/yusif.az\/main\/?page_id=49\" \/>\n<meta property=\"og:site_name\" content=\"www.YUSIF.az\" \/>\n<meta property=\"article:modified_time\" content=\"2021-11-09T19:46:56+00:00\" \/>\n<meta name=\"twitter:card\" content=\"summary_large_image\" \/>\n<meta name=\"twitter:label1\" content=\"Est. reading time\" \/>\n\t<meta name=\"twitter:data1\" content=\"1 minute\" \/>\n<script type=\"application\/ld+json\" class=\"yoast-schema-graph\">{\"@context\":\"https:\\\/\\\/schema.org\",\"@graph\":[{\"@type\":\"WebPage\",\"@id\":\"https:\\\/\\\/yusif.az\\\/main\\\/?page_id=49\",\"url\":\"https:\\\/\\\/yusif.az\\\/main\\\/?page_id=49\",\"name\":\"TESTL\u018fR - www.YUSIF.az -\",\"isPartOf\":{\"@id\":\"https:\\\/\\\/yusif.az\\\/main\\\/#website\"},\"datePublished\":\"2016-10-02T17:24:53+00:00\",\"dateModified\":\"2021-11-09T19:46:56+00:00\",\"description\":\"TESTL\u018fRTESTL\u018fR B\u00d6LM\u018fS\u0130 SINAQ TESTL\u018fR\u0130 QANUNVER\u0130C\u0130L\u0130K M\u018fNT\u0130Q AZ\u018fRBAYCAN D\u0130L\u0130 (TEST \u2013 M\u00d6VZULAR) \u0130NFORMAT\u0130KA\",\"breadcrumb\":{\"@id\":\"https:\\\/\\\/yusif.az\\\/main\\\/?page_id=49#breadcrumb\"},\"inLanguage\":\"az\",\"potentialAction\":[{\"@type\":\"ReadAction\",\"target\":[\"https:\\\/\\\/yusif.az\\\/main\\\/?page_id=49\"]}]},{\"@type\":\"BreadcrumbList\",\"@id\":\"https:\\\/\\\/yusif.az\\\/main\\\/?page_id=49#breadcrumb\",\"itemListElement\":[{\"@type\":\"ListItem\",\"position\":1,\"name\":\"Home\",\"item\":\"https:\\\/\\\/yusif.az\\\/main\"},{\"@type\":\"ListItem\",\"position\":2,\"name\":\"TESTL\u018fR\"}]},{\"@type\":\"WebSite\",\"@id\":\"https:\\\/\\\/yusif.az\\\/main\\\/#website\",\"url\":\"https:\\\/\\\/yusif.az\\\/main\\\/\",\"name\":\"www.YUSIF.az\",\"description\":\"Birlikd\u0259 Y\u00fcks\u0259li\u015f\u0259 Do\u011fru!!!\",\"publisher\":{\"@id\":\"https:\\\/\\\/yusif.az\\\/main\\\/#\\\/schema\\\/person\\\/904da2c1a1bbe7e501df95c2bc38d146\"},\"potentialAction\":[{\"@type\":\"SearchAction\",\"target\":{\"@type\":\"EntryPoint\",\"urlTemplate\":\"https:\\\/\\\/yusif.az\\\/main\\\/?s={search_term_string}\"},\"query-input\":{\"@type\":\"PropertyValueSpecification\",\"valueRequired\":true,\"valueName\":\"search_term_string\"}}],\"inLanguage\":\"az\"},{\"@type\":[\"Person\",\"Organization\"],\"@id\":\"https:\\\/\\\/yusif.az\\\/main\\\/#\\\/schema\\\/person\\\/904da2c1a1bbe7e501df95c2bc38d146\",\"name\":\"auto61\",\"image\":{\"@type\":\"ImageObject\",\"inLanguage\":\"az\",\"@id\":\"https:\\\/\\\/secure.gravatar.com\\\/avatar\\\/206904355e04c426b5ca443938aabf7f3ee8e177abeb155e7567388fa9c208a3?s=96&d=wavatar&r=g\",\"url\":\"https:\\\/\\\/secure.gravatar.com\\\/avatar\\\/206904355e04c426b5ca443938aabf7f3ee8e177abeb155e7567388fa9c208a3?s=96&d=wavatar&r=g\",\"contentUrl\":\"https:\\\/\\\/secure.gravatar.com\\\/avatar\\\/206904355e04c426b5ca443938aabf7f3ee8e177abeb155e7567388fa9c208a3?s=96&d=wavatar&r=g\",\"caption\":\"auto61\"},\"logo\":{\"@id\":\"https:\\\/\\\/secure.gravatar.com\\\/avatar\\\/206904355e04c426b5ca443938aabf7f3ee8e177abeb155e7567388fa9c208a3?s=96&d=wavatar&r=g\"}}]}<\/script>\n<!-- \/ Yoast SEO plugin. -->","yoast_head_json":{"title":"TESTL\u018fR - www.YUSIF.az -","description":"TESTL\u018fRTESTL\u018fR B\u00d6LM\u018fS\u0130 SINAQ TESTL\u018fR\u0130 QANUNVER\u0130C\u0130L\u0130K M\u018fNT\u0130Q AZ\u018fRBAYCAN D\u0130L\u0130 (TEST \u2013 M\u00d6VZULAR) \u0130NFORMAT\u0130KA","robots":{"index":"index","follow":"follow","max-snippet":"max-snippet:-1","max-image-preview":"max-image-preview:large","max-video-preview":"max-video-preview:-1"},"canonical":"https:\/\/yusif.az\/main\/?page_id=49","og_locale":"az_AZ","og_type":"article","og_title":"TESTL\u018fR - www.YUSIF.az -","og_description":"TESTL\u018fRTESTL\u018fR B\u00d6LM\u018fS\u0130 SINAQ TESTL\u018fR\u0130 QANUNVER\u0130C\u0130L\u0130K M\u018fNT\u0130Q AZ\u018fRBAYCAN D\u0130L\u0130 (TEST \u2013 M\u00d6VZULAR) \u0130NFORMAT\u0130KA","og_url":"https:\/\/yusif.az\/main\/?page_id=49","og_site_name":"www.YUSIF.az","article_modified_time":"2021-11-09T19:46:56+00:00","twitter_card":"summary_large_image","twitter_misc":{"Est. reading time":"1 minute"},"schema":{"@context":"https:\/\/schema.org","@graph":[{"@type":"WebPage","@id":"https:\/\/yusif.az\/main\/?page_id=49","url":"https:\/\/yusif.az\/main\/?page_id=49","name":"TESTL\u018fR - www.YUSIF.az -","isPartOf":{"@id":"https:\/\/yusif.az\/main\/#website"},"datePublished":"2016-10-02T17:24:53+00:00","dateModified":"2021-11-09T19:46:56+00:00","description":"TESTL\u018fRTESTL\u018fR B\u00d6LM\u018fS\u0130 SINAQ TESTL\u018fR\u0130 QANUNVER\u0130C\u0130L\u0130K M\u018fNT\u0130Q AZ\u018fRBAYCAN D\u0130L\u0130 (TEST \u2013 M\u00d6VZULAR) \u0130NFORMAT\u0130KA","breadcrumb":{"@id":"https:\/\/yusif.az\/main\/?page_id=49#breadcrumb"},"inLanguage":"az","potentialAction":[{"@type":"ReadAction","target":["https:\/\/yusif.az\/main\/?page_id=49"]}]},{"@type":"BreadcrumbList","@id":"https:\/\/yusif.az\/main\/?page_id=49#breadcrumb","itemListElement":[{"@type":"ListItem","position":1,"name":"Home","item":"https:\/\/yusif.az\/main"},{"@type":"ListItem","position":2,"name":"TESTL\u018fR"}]},{"@type":"WebSite","@id":"https:\/\/yusif.az\/main\/#website","url":"https:\/\/yusif.az\/main\/","name":"www.YUSIF.az","description":"Birlikd\u0259 Y\u00fcks\u0259li\u015f\u0259 Do\u011fru!!!","publisher":{"@id":"https:\/\/yusif.az\/main\/#\/schema\/person\/904da2c1a1bbe7e501df95c2bc38d146"},"potentialAction":[{"@type":"SearchAction","target":{"@type":"EntryPoint","urlTemplate":"https:\/\/yusif.az\/main\/?s={search_term_string}"},"query-input":{"@type":"PropertyValueSpecification","valueRequired":true,"valueName":"search_term_string"}}],"inLanguage":"az"},{"@type":["Person","Organization"],"@id":"https:\/\/yusif.az\/main\/#\/schema\/person\/904da2c1a1bbe7e501df95c2bc38d146","name":"auto61","image":{"@type":"ImageObject","inLanguage":"az","@id":"https:\/\/secure.gravatar.com\/avatar\/206904355e04c426b5ca443938aabf7f3ee8e177abeb155e7567388fa9c208a3?s=96&d=wavatar&r=g","url":"https:\/\/secure.gravatar.com\/avatar\/206904355e04c426b5ca443938aabf7f3ee8e177abeb155e7567388fa9c208a3?s=96&d=wavatar&r=g","contentUrl":"https:\/\/secure.gravatar.com\/avatar\/206904355e04c426b5ca443938aabf7f3ee8e177abeb155e7567388fa9c208a3?s=96&d=wavatar&r=g","caption":"auto61"},"logo":{"@id":"https:\/\/secure.gravatar.com\/avatar\/206904355e04c426b5ca443938aabf7f3ee8e177abeb155e7567388fa9c208a3?s=96&d=wavatar&r=g"}}]}},"_links":{"self":[{"href":"https:\/\/yusif.az\/main\/index.php?rest_route=\/wp\/v2\/pages\/49","targetHints":{"allow":["GET"]}}],"collection":[{"href":"https:\/\/yusif.az\/main\/index.php?rest_route=\/wp\/v2\/pages"}],"about":[{"href":"https:\/\/yusif.az\/main\/index.php?rest_route=\/wp\/v2\/types\/page"}],"author":[{"embeddable":true,"href":"https:\/\/yusif.az\/main\/index.php?rest_route=\/wp\/v2\/users\/1"}],"replies":[{"embeddable":true,"href":"https:\/\/yusif.az\/main\/index.php?rest_route=%2Fwp%2Fv2%2Fcomments&post=49"}],"version-history":[{"count":20,"href":"https:\/\/yusif.az\/main\/index.php?rest_route=\/wp\/v2\/pages\/49\/revisions"}],"predecessor-version":[{"id":51,"href":"https:\/\/yusif.az\/main\/index.php?rest_route=\/wp\/v2\/pages\/49\/revisions\/51"}],"wp:attachment":[{"href":"https:\/\/yusif.az\/main\/index.php?rest_route=%2Fwp%2Fv2%2Fmedia&parent=49"}],"curies":[{"name":"wp","href":"https:\/\/api.w.org\/{rel}","templated":true}]}}