{"id":53,"date":"2016-10-02T22:26:59","date_gmt":"2016-10-02T17:26:59","guid":{"rendered":"http:\/\/yusif.az\/main\/?page_id=53"},"modified":"2021-11-09T23:43:09","modified_gmt":"2021-11-09T19:43:09","slug":"e-kitab-m%c9%99qal%c9%99-buyurub-bolm%c9%99l%c9%99rl%c9%99-tanis-olun-elektron-kitablar-dovl%c9%99t-qullugu-dunya-gorusu-v%c9%99-az%c9%99rbycan-muxt%c9%99lif-informatika-microsoft","status":"publish","type":"page","link":"https:\/\/yusif.az\/main\/?page_id=53","title":{"rendered":"E-K\u0130TAB \/ M\u018fQAL\u018f"},"content":{"rendered":"<blockquote>\n<h2 style=\"text-align: center;\"><strong>Buyurub Bolm\u0259l\u0259rl\u0259 Tan\u0131\u015f olun:<\/strong><\/h2>\n<\/blockquote>\n<p>&nbsp;<\/p>\n<blockquote>\n<ul>\n<li>\n<h3><span style=\"color: #000080;\"><strong><a style=\"color: #000080;\" href=\"http:\/\/yusif.az\/main\/?p=154\">ELEKTRON K\u0130TABLAR<\/a><\/strong><\/span><\/h3>\n<\/li>\n<\/ul>\n<\/blockquote>\n<p>&nbsp;<\/p>\n<blockquote>\n<ul>\n<li>\n<h3><span style=\"color: #ff0000;\"><strong><a style=\"color: #ff0000;\" href=\"http:\/\/yusif.az\/main\/?cat=36\">D\u00d6VL\u018fT QULLU\u011eU<\/a><\/strong><\/span><\/h3>\n<\/li>\n<\/ul>\n<\/blockquote>\n<p>&nbsp;<\/p>\n<blockquote>\n<ul>\n<li>\n<h3><span style=\"color: #339966;\"><strong><a style=\"color: #339966;\" href=\"http:\/\/yusif.az\/main\/?cat=34\">D\u00dcNYA G\u00d6R\u00dc\u015e\u00dc V\u018f AZ\u018fRBYCAN<\/a><\/strong><\/span><\/h3>\n<\/li>\n<\/ul>\n<\/blockquote>\n<p>&nbsp;<\/p>\n<blockquote>\n<ul>\n<li>\n<h3><span style=\"color: #993366;\"><strong><a style=\"color: #993366;\" href=\"http:\/\/yusif.az\/main\/?cat=3\">M\u00dcXT\u018fL\u0130F \/ \u0130NFORMAT\u0130KA<\/a><\/strong><\/span><\/h3>\n<\/li>\n<\/ul>\n<\/blockquote>\n<p>&nbsp;<\/p>\n<blockquote>\n<ul>\n<li>\n<h3><span style=\"color: #ff00ff;\"><strong><a style=\"color: #ff00ff;\" href=\"http:\/\/yusif.az\/main\/?cat=5\">M\u0130CROSOFT OFF\u0130CE<\/a><\/strong><\/span><\/h3>\n<\/li>\n<\/ul>\n<\/blockquote>\n<p>&nbsp;<\/p>\n<blockquote>\n<ul>\n<li>\n<h3><span style=\"color: #ff6600;\"><strong><a style=\"color: #ff6600;\" href=\"http:\/\/yusif.az\/main\/?cat=6\">APARAT v\u0259 PROQRAM T\u018fM\u0130NATI<\/a><\/strong><\/span><\/h3>\n<\/li>\n<\/ul>\n<\/blockquote>\n<p>&nbsp;<\/p>\n<blockquote>\n<ul>\n<li>\n<h3><span style=\"color: #3366ff;\"><strong><a style=\"color: #3366ff;\" href=\"http:\/\/yusif.az\/main\/?cat=4\">\u0130T B\u00d6LM\u018fS\u0130<\/a><\/strong><\/span><\/h3>\n<\/li>\n<\/ul>\n<\/blockquote>\n<p>&nbsp;<\/p>\n<blockquote>\n<ul>\n<li>\n<h3><span style=\"color: #993366;\"><strong><a style=\"color: #993366;\" href=\"http:\/\/yusif.az\/main\/?cat=1\">WINDOWS<\/a><\/strong><\/span><\/h3>\n<\/li>\n<\/ul>\n<\/blockquote>\n<p style=\"text-align: right;\">[QR size=&#8221;150&#215;150&#8243; link=&#8221;no&#8221;][\/QR]<\/p>\n<div style=\"margin: 20px 0;\"><div class=\"qrcswholewtapper\" style=\"text-align:left;\"><div class=\"qrcprowrapper\"  id=\"qrcwraa2leds\"><div class=\"qrc_canvass\" id=\"qrc_cuttenpages_2\" style=\"display:inline-block\" data-text=\"https:\/\/yusif.az\/main\/?page_id=53\"><\/div><div><a download=\"E-K\u0130TAB \/ M\u018fQAL\u018f.png\" class=\"qrcdownloads\" id=\"worign\">\r\n           <button type=\"button\" style=\"min-width:110px;background:#44d813;color:#000;font-weight: 600;border: 1px solid #44d813;border-radius:20px;font-size:12px;padding: 6px 0;\" class=\"uqr_code_btn\">QR kodu Y\u00fckl\u0259 \ud83e\udc0b<\/button>\r\n           <\/a><\/div><\/div><\/div><\/div>","protected":false},"excerpt":{"rendered":"<p>Buyurub Bolm\u0259l\u0259rl\u0259 Tan\u0131\u015f olun: &nbsp; ELEKTRON K\u0130TABLAR &nbsp; D\u00d6VL\u018fT QULLU\u011eU &nbsp; D\u00dcNYA G\u00d6R\u00dc\u015e\u00dc V\u018f AZ\u018fRBYCAN &nbsp; M\u00dcXT\u018fL\u0130F \/ \u0130NFORMAT\u0130KA &nbsp; M\u0130CROSOFT OFF\u0130CE &nbsp; APARAT v\u0259 PROQRAM T\u018fM\u0130NATI &nbsp; \u0130T B\u00d6LM\u018fS\u0130 &nbsp; WINDOWS [QR size=&#8221;150&#215;150&#8243; link=&#8221;no&#8221;][\/QR] QR kodu Y\u00fckl\u0259 \ud83e\udc0b<\/p>\n","protected":false},"author":1,"featured_media":0,"parent":0,"menu_order":2,"comment_status":"closed","ping_status":"closed","template":"","meta":{"footnotes":""},"class_list":["post-53","page","type-page","status-publish","hentry"],"yoast_head":"<!-- This site is optimized with the Yoast SEO plugin v27.4 - https:\/\/yoast.com\/product\/yoast-seo-wordpress\/ -->\n<title>E-K\u0130TAB \/ M\u018fQAL\u018f - www.YUSIF.az -<\/title>\n<meta name=\"description\" content=\"E-K\u0130TAB \/ M\u018fQAL\u018fBuyurub Bolm\u0259l\u0259rl\u0259 Tan\u0131\u015f olun: ELEKTRON K\u0130TABLAR D\u00d6VL\u018fT QULLU\u011eU D\u00dcNYA G\u00d6R\u00dc\u015e\u00dc V\u018f AZ\u018fRBYCAN M\u00dcXT\u018fL\u0130F \/ \u0130NFORMAT\u0130KA M\u0130CROSOFT OFF\u0130CE APARAT v\u0259 PROQRAM T\u018fM\u0130NATI \u0130T B\u00d6LM\u018fS\u0130 WINDOWS\" \/>\n<meta name=\"robots\" content=\"index, follow, max-snippet:-1, max-image-preview:large, max-video-preview:-1\" \/>\n<link rel=\"canonical\" href=\"https:\/\/yusif.az\/main\/?page_id=53\" \/>\n<meta property=\"og:locale\" content=\"az_AZ\" \/>\n<meta property=\"og:type\" content=\"article\" \/>\n<meta property=\"og:title\" content=\"E-K\u0130TAB \/ M\u018fQAL\u018f - www.YUSIF.az -\" \/>\n<meta property=\"og:description\" content=\"E-K\u0130TAB \/ M\u018fQAL\u018fBuyurub Bolm\u0259l\u0259rl\u0259 Tan\u0131\u015f olun: ELEKTRON K\u0130TABLAR D\u00d6VL\u018fT QULLU\u011eU D\u00dcNYA G\u00d6R\u00dc\u015e\u00dc V\u018f AZ\u018fRBYCAN M\u00dcXT\u018fL\u0130F \/ \u0130NFORMAT\u0130KA M\u0130CROSOFT OFF\u0130CE APARAT v\u0259 PROQRAM T\u018fM\u0130NATI \u0130T B\u00d6LM\u018fS\u0130 WINDOWS\" \/>\n<meta property=\"og:url\" content=\"https:\/\/yusif.az\/main\/?page_id=53\" \/>\n<meta property=\"og:site_name\" content=\"www.YUSIF.az\" \/>\n<meta property=\"article:modified_time\" content=\"2021-11-09T19:43:09+00:00\" \/>\n<meta name=\"twitter:card\" content=\"summary_large_image\" \/>\n<meta name=\"twitter:label1\" content=\"Est. reading time\" \/>\n\t<meta name=\"twitter:data1\" content=\"1 minute\" \/>\n<script type=\"application\/ld+json\" class=\"yoast-schema-graph\">{\"@context\":\"https:\\\/\\\/schema.org\",\"@graph\":[{\"@type\":\"WebPage\",\"@id\":\"https:\\\/\\\/yusif.az\\\/main\\\/?page_id=53\",\"url\":\"https:\\\/\\\/yusif.az\\\/main\\\/?page_id=53\",\"name\":\"E-K\u0130TAB \\\/ M\u018fQAL\u018f - www.YUSIF.az -\",\"isPartOf\":{\"@id\":\"https:\\\/\\\/yusif.az\\\/main\\\/#website\"},\"datePublished\":\"2016-10-02T17:26:59+00:00\",\"dateModified\":\"2021-11-09T19:43:09+00:00\",\"description\":\"E-K\u0130TAB \\\/ M\u018fQAL\u018fBuyurub Bolm\u0259l\u0259rl\u0259 Tan\u0131\u015f olun: ELEKTRON K\u0130TABLAR D\u00d6VL\u018fT QULLU\u011eU D\u00dcNYA G\u00d6R\u00dc\u015e\u00dc V\u018f AZ\u018fRBYCAN M\u00dcXT\u018fL\u0130F \\\/ \u0130NFORMAT\u0130KA M\u0130CROSOFT OFF\u0130CE APARAT v\u0259 PROQRAM T\u018fM\u0130NATI \u0130T B\u00d6LM\u018fS\u0130 WINDOWS\",\"breadcrumb\":{\"@id\":\"https:\\\/\\\/yusif.az\\\/main\\\/?page_id=53#breadcrumb\"},\"inLanguage\":\"az\",\"potentialAction\":[{\"@type\":\"ReadAction\",\"target\":[\"https:\\\/\\\/yusif.az\\\/main\\\/?page_id=53\"]}]},{\"@type\":\"BreadcrumbList\",\"@id\":\"https:\\\/\\\/yusif.az\\\/main\\\/?page_id=53#breadcrumb\",\"itemListElement\":[{\"@type\":\"ListItem\",\"position\":1,\"name\":\"Home\",\"item\":\"https:\\\/\\\/yusif.az\\\/main\"},{\"@type\":\"ListItem\",\"position\":2,\"name\":\"E-K\u0130TAB \\\/ M\u018fQAL\u018f\"}]},{\"@type\":\"WebSite\",\"@id\":\"https:\\\/\\\/yusif.az\\\/main\\\/#website\",\"url\":\"https:\\\/\\\/yusif.az\\\/main\\\/\",\"name\":\"www.YUSIF.az\",\"description\":\"Birlikd\u0259 Y\u00fcks\u0259li\u015f\u0259 Do\u011fru!!!\",\"publisher\":{\"@id\":\"https:\\\/\\\/yusif.az\\\/main\\\/#\\\/schema\\\/person\\\/904da2c1a1bbe7e501df95c2bc38d146\"},\"potentialAction\":[{\"@type\":\"SearchAction\",\"target\":{\"@type\":\"EntryPoint\",\"urlTemplate\":\"https:\\\/\\\/yusif.az\\\/main\\\/?s={search_term_string}\"},\"query-input\":{\"@type\":\"PropertyValueSpecification\",\"valueRequired\":true,\"valueName\":\"search_term_string\"}}],\"inLanguage\":\"az\"},{\"@type\":[\"Person\",\"Organization\"],\"@id\":\"https:\\\/\\\/yusif.az\\\/main\\\/#\\\/schema\\\/person\\\/904da2c1a1bbe7e501df95c2bc38d146\",\"name\":\"auto61\",\"image\":{\"@type\":\"ImageObject\",\"inLanguage\":\"az\",\"@id\":\"https:\\\/\\\/secure.gravatar.com\\\/avatar\\\/206904355e04c426b5ca443938aabf7f3ee8e177abeb155e7567388fa9c208a3?s=96&d=wavatar&r=g\",\"url\":\"https:\\\/\\\/secure.gravatar.com\\\/avatar\\\/206904355e04c426b5ca443938aabf7f3ee8e177abeb155e7567388fa9c208a3?s=96&d=wavatar&r=g\",\"contentUrl\":\"https:\\\/\\\/secure.gravatar.com\\\/avatar\\\/206904355e04c426b5ca443938aabf7f3ee8e177abeb155e7567388fa9c208a3?s=96&d=wavatar&r=g\",\"caption\":\"auto61\"},\"logo\":{\"@id\":\"https:\\\/\\\/secure.gravatar.com\\\/avatar\\\/206904355e04c426b5ca443938aabf7f3ee8e177abeb155e7567388fa9c208a3?s=96&d=wavatar&r=g\"}}]}<\/script>\n<!-- \/ Yoast SEO plugin. -->","yoast_head_json":{"title":"E-K\u0130TAB \/ M\u018fQAL\u018f - www.YUSIF.az -","description":"E-K\u0130TAB \/ M\u018fQAL\u018fBuyurub Bolm\u0259l\u0259rl\u0259 Tan\u0131\u015f olun: ELEKTRON K\u0130TABLAR D\u00d6VL\u018fT QULLU\u011eU D\u00dcNYA G\u00d6R\u00dc\u015e\u00dc V\u018f AZ\u018fRBYCAN M\u00dcXT\u018fL\u0130F \/ \u0130NFORMAT\u0130KA M\u0130CROSOFT OFF\u0130CE APARAT v\u0259 PROQRAM T\u018fM\u0130NATI \u0130T B\u00d6LM\u018fS\u0130 WINDOWS","robots":{"index":"index","follow":"follow","max-snippet":"max-snippet:-1","max-image-preview":"max-image-preview:large","max-video-preview":"max-video-preview:-1"},"canonical":"https:\/\/yusif.az\/main\/?page_id=53","og_locale":"az_AZ","og_type":"article","og_title":"E-K\u0130TAB \/ M\u018fQAL\u018f - www.YUSIF.az -","og_description":"E-K\u0130TAB \/ M\u018fQAL\u018fBuyurub Bolm\u0259l\u0259rl\u0259 Tan\u0131\u015f olun: ELEKTRON K\u0130TABLAR D\u00d6VL\u018fT QULLU\u011eU D\u00dcNYA G\u00d6R\u00dc\u015e\u00dc V\u018f AZ\u018fRBYCAN M\u00dcXT\u018fL\u0130F \/ \u0130NFORMAT\u0130KA M\u0130CROSOFT OFF\u0130CE APARAT v\u0259 PROQRAM T\u018fM\u0130NATI \u0130T B\u00d6LM\u018fS\u0130 WINDOWS","og_url":"https:\/\/yusif.az\/main\/?page_id=53","og_site_name":"www.YUSIF.az","article_modified_time":"2021-11-09T19:43:09+00:00","twitter_card":"summary_large_image","twitter_misc":{"Est. reading time":"1 minute"},"schema":{"@context":"https:\/\/schema.org","@graph":[{"@type":"WebPage","@id":"https:\/\/yusif.az\/main\/?page_id=53","url":"https:\/\/yusif.az\/main\/?page_id=53","name":"E-K\u0130TAB \/ M\u018fQAL\u018f - www.YUSIF.az -","isPartOf":{"@id":"https:\/\/yusif.az\/main\/#website"},"datePublished":"2016-10-02T17:26:59+00:00","dateModified":"2021-11-09T19:43:09+00:00","description":"E-K\u0130TAB \/ M\u018fQAL\u018fBuyurub Bolm\u0259l\u0259rl\u0259 Tan\u0131\u015f olun: ELEKTRON K\u0130TABLAR D\u00d6VL\u018fT QULLU\u011eU D\u00dcNYA G\u00d6R\u00dc\u015e\u00dc V\u018f AZ\u018fRBYCAN M\u00dcXT\u018fL\u0130F \/ \u0130NFORMAT\u0130KA M\u0130CROSOFT OFF\u0130CE APARAT v\u0259 PROQRAM T\u018fM\u0130NATI \u0130T B\u00d6LM\u018fS\u0130 WINDOWS","breadcrumb":{"@id":"https:\/\/yusif.az\/main\/?page_id=53#breadcrumb"},"inLanguage":"az","potentialAction":[{"@type":"ReadAction","target":["https:\/\/yusif.az\/main\/?page_id=53"]}]},{"@type":"BreadcrumbList","@id":"https:\/\/yusif.az\/main\/?page_id=53#breadcrumb","itemListElement":[{"@type":"ListItem","position":1,"name":"Home","item":"https:\/\/yusif.az\/main"},{"@type":"ListItem","position":2,"name":"E-K\u0130TAB \/ M\u018fQAL\u018f"}]},{"@type":"WebSite","@id":"https:\/\/yusif.az\/main\/#website","url":"https:\/\/yusif.az\/main\/","name":"www.YUSIF.az","description":"Birlikd\u0259 Y\u00fcks\u0259li\u015f\u0259 Do\u011fru!!!","publisher":{"@id":"https:\/\/yusif.az\/main\/#\/schema\/person\/904da2c1a1bbe7e501df95c2bc38d146"},"potentialAction":[{"@type":"SearchAction","target":{"@type":"EntryPoint","urlTemplate":"https:\/\/yusif.az\/main\/?s={search_term_string}"},"query-input":{"@type":"PropertyValueSpecification","valueRequired":true,"valueName":"search_term_string"}}],"inLanguage":"az"},{"@type":["Person","Organization"],"@id":"https:\/\/yusif.az\/main\/#\/schema\/person\/904da2c1a1bbe7e501df95c2bc38d146","name":"auto61","image":{"@type":"ImageObject","inLanguage":"az","@id":"https:\/\/secure.gravatar.com\/avatar\/206904355e04c426b5ca443938aabf7f3ee8e177abeb155e7567388fa9c208a3?s=96&d=wavatar&r=g","url":"https:\/\/secure.gravatar.com\/avatar\/206904355e04c426b5ca443938aabf7f3ee8e177abeb155e7567388fa9c208a3?s=96&d=wavatar&r=g","contentUrl":"https:\/\/secure.gravatar.com\/avatar\/206904355e04c426b5ca443938aabf7f3ee8e177abeb155e7567388fa9c208a3?s=96&d=wavatar&r=g","caption":"auto61"},"logo":{"@id":"https:\/\/secure.gravatar.com\/avatar\/206904355e04c426b5ca443938aabf7f3ee8e177abeb155e7567388fa9c208a3?s=96&d=wavatar&r=g"}}]}},"_links":{"self":[{"href":"https:\/\/yusif.az\/main\/index.php?rest_route=\/wp\/v2\/pages\/53","targetHints":{"allow":["GET"]}}],"collection":[{"href":"https:\/\/yusif.az\/main\/index.php?rest_route=\/wp\/v2\/pages"}],"about":[{"href":"https:\/\/yusif.az\/main\/index.php?rest_route=\/wp\/v2\/types\/page"}],"author":[{"embeddable":true,"href":"https:\/\/yusif.az\/main\/index.php?rest_route=\/wp\/v2\/users\/1"}],"replies":[{"embeddable":true,"href":"https:\/\/yusif.az\/main\/index.php?rest_route=%2Fwp%2Fv2%2Fcomments&post=53"}],"version-history":[{"count":21,"href":"https:\/\/yusif.az\/main\/index.php?rest_route=\/wp\/v2\/pages\/53\/revisions"}],"predecessor-version":[{"id":6251,"href":"https:\/\/yusif.az\/main\/index.php?rest_route=\/wp\/v2\/pages\/53\/revisions\/6251"}],"wp:attachment":[{"href":"https:\/\/yusif.az\/main\/index.php?rest_route=%2Fwp%2Fv2%2Fmedia&parent=53"}],"curies":[{"name":"wp","href":"https:\/\/api.w.org\/{rel}","templated":true}]}}