{"id":6019,"date":"2021-01-23T22:24:43","date_gmt":"2021-01-23T18:24:43","guid":{"rendered":"https:\/\/yusif.az\/main\/?page_id=6019"},"modified":"2021-01-23T22:53:17","modified_gmt":"2021-01-23T18:53:17","slug":"sertifikat-yoxla","status":"publish","type":"page","link":"https:\/\/yusif.az\/main\/?page_id=6019","title":{"rendered":"Sertifikat\u0131n\u0131 Yoxla"},"content":{"rendered":"<blockquote>\n<h5><span style=\"color: #ff0000;\"><strong>Art\u0131q ald\u0131\u011f\u0131n\u0131z Sertifikat\u0131 burada Yoxlaya Bil\u0259rsiniz:<\/strong><\/span><\/h5>\n<p>&nbsp;<\/p>\n<h5><strong><style type=\"text\/css\">\n\t\t.cf-btn:hover {\n\t\t\tbackground: #000 !important;\n\t\t    color: #fff !important;\n\t\t}\n\t\t.rs-heading {\n\t\t\ttext-align: center;\n\t\t}\n\t\t.search-table {\n\t\t    border-spacing: 0 !important;\n\t\t    border-top: none !important;\n\t\t    border-right: none !important;\n\t\t    border-left: none !important;\n\t        min-width: 100%;\n\t        border-bottom: 1px solid #ddd;\n\t\t}\n\t\t.search-table thead {\n\t\t\tbackground-color: transparent;\n\t\t}\n\t\t.search-table thead tr th {\n\t\t\tbackground-color: #000 !important;\n\t\t\tcolor: #fff !important;\n\t\t\ttext-transform: uppercase;\n\t\t\ttext-align: center;\n\t\t    padding: 15px 0px;\n\t\t}\n\t\t.search-table tbody tr td {\n\t\t\tborder-right: 1px solid #ddd;\n\t\t\tpadding: 14px 10px;\n\t\t}\n\t\t.br-0 {\n\t\t\tborder-right: none !important\n\t\t}\n\t\tbody {\n\t\t\toverflow-x: hidden;\n\t\t}\n\t\t.btlr-10{ border-top-left-radius: 10px; }\n\t\t.btrr-10{ border-top-right-radius: 10px; }\n\t\t.bl-1{ border-left: 1px solid #ddd; }\n\t<\/style>\n\t\t<div class=\"cf-search\">\n\t\t<form method=\"POST\">\n\t\t\t<input type=\"text\" required class=\"cf-field\" placeholder=\"Sertifikat Kodunu Daxil Edin\" name=\"certificate_code\">\n\t\t\t<input type=\"submit\" class=\"cf-btn\" value=\"Yoxla\" name=\"code_data\">\n\t\t<\/form>\n\t<\/div>\n\t<div class=\"container\"><\/div><\/strong><\/h5>\n<\/blockquote>\n<div style=\"margin: 20px 0;\"><div class=\"qrcswholewtapper\" style=\"text-align:left;\"><div class=\"qrcprowrapper\"  id=\"qrcwraa2leds\"><div class=\"qrc_canvass\" id=\"qrc_cuttenpages_2\" style=\"display:inline-block\" data-text=\"https:\/\/yusif.az\/main\/?page_id=6019\"><\/div><div><a download=\"Sertifikat\u0131n\u0131 Yoxla.png\" class=\"qrcdownloads\" id=\"worign\">\r\n           <button type=\"button\" style=\"min-width:110px;background:#44d813;color:#000;font-weight: 600;border: 1px solid #44d813;border-radius:20px;font-size:12px;padding: 6px 0;\" class=\"uqr_code_btn\">QR kodu Y\u00fckl\u0259 \ud83e\udc0b<\/button>\r\n           <\/a><\/div><\/div><\/div><\/div>","protected":false},"excerpt":{"rendered":"<p>Art\u0131q ald\u0131\u011f\u0131n\u0131z Sertifikat\u0131 burada Yoxlaya Bil\u0259rsiniz: &nbsp; QR kodu Y\u00fckl\u0259 \ud83e\udc0b<\/p>\n","protected":false},"author":1,"featured_media":0,"parent":42,"menu_order":5,"comment_status":"closed","ping_status":"closed","template":"template-no-sidebar.php","meta":{"footnotes":""},"class_list":["post-6019","page","type-page","status-publish","hentry"],"yoast_head":"<!-- This site is optimized with the Yoast SEO plugin v27.4 - https:\/\/yoast.com\/product\/yoast-seo-wordpress\/ -->\n<title>Sertifikat\u0131n\u0131 Yoxla - www.YUSIF.az -<\/title>\n<meta name=\"robots\" content=\"index, follow, max-snippet:-1, max-image-preview:large, max-video-preview:-1\" \/>\n<link rel=\"canonical\" href=\"https:\/\/yusif.az\/main\/?page_id=6019\" \/>\n<meta property=\"og:locale\" content=\"az_AZ\" \/>\n<meta property=\"og:type\" content=\"article\" \/>\n<meta property=\"og:title\" content=\"Sertifikat\u0131n\u0131 Yoxla - www.YUSIF.az -\" \/>\n<meta property=\"og:description\" content=\"Art\u0131q ald\u0131\u011f\u0131n\u0131z Sertifikat\u0131 burada Yoxlaya Bil\u0259rsiniz: &nbsp; QR kodu Y\u00fckl\u0259 \ud83e\udc0b\" \/>\n<meta property=\"og:url\" content=\"https:\/\/yusif.az\/main\/?page_id=6019\" \/>\n<meta property=\"og:site_name\" content=\"www.YUSIF.az\" \/>\n<meta property=\"article:modified_time\" content=\"2021-01-23T18:53:17+00:00\" \/>\n<meta name=\"twitter:card\" content=\"summary_large_image\" \/>\n<meta name=\"twitter:label1\" content=\"Est. reading time\" \/>\n\t<meta name=\"twitter:data1\" content=\"1 minute\" \/>\n<script type=\"application\/ld+json\" class=\"yoast-schema-graph\">{\"@context\":\"https:\\\/\\\/schema.org\",\"@graph\":[{\"@type\":\"WebPage\",\"@id\":\"https:\\\/\\\/yusif.az\\\/main\\\/?page_id=6019\",\"url\":\"https:\\\/\\\/yusif.az\\\/main\\\/?page_id=6019\",\"name\":\"Sertifikat\u0131n\u0131 Yoxla - www.YUSIF.az -\",\"isPartOf\":{\"@id\":\"https:\\\/\\\/yusif.az\\\/main\\\/#website\"},\"datePublished\":\"2021-01-23T18:24:43+00:00\",\"dateModified\":\"2021-01-23T18:53:17+00:00\",\"breadcrumb\":{\"@id\":\"https:\\\/\\\/yusif.az\\\/main\\\/?page_id=6019#breadcrumb\"},\"inLanguage\":\"az\",\"potentialAction\":[{\"@type\":\"ReadAction\",\"target\":[\"https:\\\/\\\/yusif.az\\\/main\\\/?page_id=6019\"]}]},{\"@type\":\"BreadcrumbList\",\"@id\":\"https:\\\/\\\/yusif.az\\\/main\\\/?page_id=6019#breadcrumb\",\"itemListElement\":[{\"@type\":\"ListItem\",\"position\":1,\"name\":\"Home\",\"item\":\"https:\\\/\\\/yusif.az\\\/main\"},{\"@type\":\"ListItem\",\"position\":2,\"name\":\"X\u0130DM\u018fTL\u018fR\",\"item\":\"https:\\\/\\\/yusif.az\\\/main\\\/?page_id=42\"},{\"@type\":\"ListItem\",\"position\":3,\"name\":\"Sertifikat\u0131n\u0131 Yoxla\"}]},{\"@type\":\"WebSite\",\"@id\":\"https:\\\/\\\/yusif.az\\\/main\\\/#website\",\"url\":\"https:\\\/\\\/yusif.az\\\/main\\\/\",\"name\":\"www.YUSIF.az\",\"description\":\"Birlikd\u0259 Y\u00fcks\u0259li\u015f\u0259 Do\u011fru!!!\",\"publisher\":{\"@id\":\"https:\\\/\\\/yusif.az\\\/main\\\/#\\\/schema\\\/person\\\/904da2c1a1bbe7e501df95c2bc38d146\"},\"potentialAction\":[{\"@type\":\"SearchAction\",\"target\":{\"@type\":\"EntryPoint\",\"urlTemplate\":\"https:\\\/\\\/yusif.az\\\/main\\\/?s={search_term_string}\"},\"query-input\":{\"@type\":\"PropertyValueSpecification\",\"valueRequired\":true,\"valueName\":\"search_term_string\"}}],\"inLanguage\":\"az\"},{\"@type\":[\"Person\",\"Organization\"],\"@id\":\"https:\\\/\\\/yusif.az\\\/main\\\/#\\\/schema\\\/person\\\/904da2c1a1bbe7e501df95c2bc38d146\",\"name\":\"auto61\",\"image\":{\"@type\":\"ImageObject\",\"inLanguage\":\"az\",\"@id\":\"https:\\\/\\\/secure.gravatar.com\\\/avatar\\\/206904355e04c426b5ca443938aabf7f3ee8e177abeb155e7567388fa9c208a3?s=96&d=wavatar&r=g\",\"url\":\"https:\\\/\\\/secure.gravatar.com\\\/avatar\\\/206904355e04c426b5ca443938aabf7f3ee8e177abeb155e7567388fa9c208a3?s=96&d=wavatar&r=g\",\"contentUrl\":\"https:\\\/\\\/secure.gravatar.com\\\/avatar\\\/206904355e04c426b5ca443938aabf7f3ee8e177abeb155e7567388fa9c208a3?s=96&d=wavatar&r=g\",\"caption\":\"auto61\"},\"logo\":{\"@id\":\"https:\\\/\\\/secure.gravatar.com\\\/avatar\\\/206904355e04c426b5ca443938aabf7f3ee8e177abeb155e7567388fa9c208a3?s=96&d=wavatar&r=g\"}}]}<\/script>\n<!-- \/ Yoast SEO plugin. -->","yoast_head_json":{"title":"Sertifikat\u0131n\u0131 Yoxla - www.YUSIF.az -","robots":{"index":"index","follow":"follow","max-snippet":"max-snippet:-1","max-image-preview":"max-image-preview:large","max-video-preview":"max-video-preview:-1"},"canonical":"https:\/\/yusif.az\/main\/?page_id=6019","og_locale":"az_AZ","og_type":"article","og_title":"Sertifikat\u0131n\u0131 Yoxla - www.YUSIF.az -","og_description":"Art\u0131q ald\u0131\u011f\u0131n\u0131z Sertifikat\u0131 burada Yoxlaya Bil\u0259rsiniz: &nbsp; QR kodu Y\u00fckl\u0259 \ud83e\udc0b","og_url":"https:\/\/yusif.az\/main\/?page_id=6019","og_site_name":"www.YUSIF.az","article_modified_time":"2021-01-23T18:53:17+00:00","twitter_card":"summary_large_image","twitter_misc":{"Est. reading time":"1 minute"},"schema":{"@context":"https:\/\/schema.org","@graph":[{"@type":"WebPage","@id":"https:\/\/yusif.az\/main\/?page_id=6019","url":"https:\/\/yusif.az\/main\/?page_id=6019","name":"Sertifikat\u0131n\u0131 Yoxla - www.YUSIF.az -","isPartOf":{"@id":"https:\/\/yusif.az\/main\/#website"},"datePublished":"2021-01-23T18:24:43+00:00","dateModified":"2021-01-23T18:53:17+00:00","breadcrumb":{"@id":"https:\/\/yusif.az\/main\/?page_id=6019#breadcrumb"},"inLanguage":"az","potentialAction":[{"@type":"ReadAction","target":["https:\/\/yusif.az\/main\/?page_id=6019"]}]},{"@type":"BreadcrumbList","@id":"https:\/\/yusif.az\/main\/?page_id=6019#breadcrumb","itemListElement":[{"@type":"ListItem","position":1,"name":"Home","item":"https:\/\/yusif.az\/main"},{"@type":"ListItem","position":2,"name":"X\u0130DM\u018fTL\u018fR","item":"https:\/\/yusif.az\/main\/?page_id=42"},{"@type":"ListItem","position":3,"name":"Sertifikat\u0131n\u0131 Yoxla"}]},{"@type":"WebSite","@id":"https:\/\/yusif.az\/main\/#website","url":"https:\/\/yusif.az\/main\/","name":"www.YUSIF.az","description":"Birlikd\u0259 Y\u00fcks\u0259li\u015f\u0259 Do\u011fru!!!","publisher":{"@id":"https:\/\/yusif.az\/main\/#\/schema\/person\/904da2c1a1bbe7e501df95c2bc38d146"},"potentialAction":[{"@type":"SearchAction","target":{"@type":"EntryPoint","urlTemplate":"https:\/\/yusif.az\/main\/?s={search_term_string}"},"query-input":{"@type":"PropertyValueSpecification","valueRequired":true,"valueName":"search_term_string"}}],"inLanguage":"az"},{"@type":["Person","Organization"],"@id":"https:\/\/yusif.az\/main\/#\/schema\/person\/904da2c1a1bbe7e501df95c2bc38d146","name":"auto61","image":{"@type":"ImageObject","inLanguage":"az","@id":"https:\/\/secure.gravatar.com\/avatar\/206904355e04c426b5ca443938aabf7f3ee8e177abeb155e7567388fa9c208a3?s=96&d=wavatar&r=g","url":"https:\/\/secure.gravatar.com\/avatar\/206904355e04c426b5ca443938aabf7f3ee8e177abeb155e7567388fa9c208a3?s=96&d=wavatar&r=g","contentUrl":"https:\/\/secure.gravatar.com\/avatar\/206904355e04c426b5ca443938aabf7f3ee8e177abeb155e7567388fa9c208a3?s=96&d=wavatar&r=g","caption":"auto61"},"logo":{"@id":"https:\/\/secure.gravatar.com\/avatar\/206904355e04c426b5ca443938aabf7f3ee8e177abeb155e7567388fa9c208a3?s=96&d=wavatar&r=g"}}]}},"_links":{"self":[{"href":"https:\/\/yusif.az\/main\/index.php?rest_route=\/wp\/v2\/pages\/6019","targetHints":{"allow":["GET"]}}],"collection":[{"href":"https:\/\/yusif.az\/main\/index.php?rest_route=\/wp\/v2\/pages"}],"about":[{"href":"https:\/\/yusif.az\/main\/index.php?rest_route=\/wp\/v2\/types\/page"}],"author":[{"embeddable":true,"href":"https:\/\/yusif.az\/main\/index.php?rest_route=\/wp\/v2\/users\/1"}],"replies":[{"embeddable":true,"href":"https:\/\/yusif.az\/main\/index.php?rest_route=%2Fwp%2Fv2%2Fcomments&post=6019"}],"version-history":[{"count":4,"href":"https:\/\/yusif.az\/main\/index.php?rest_route=\/wp\/v2\/pages\/6019\/revisions"}],"predecessor-version":[{"id":6024,"href":"https:\/\/yusif.az\/main\/index.php?rest_route=\/wp\/v2\/pages\/6019\/revisions\/6024"}],"up":[{"embeddable":true,"href":"https:\/\/yusif.az\/main\/index.php?rest_route=\/wp\/v2\/pages\/42"}],"wp:attachment":[{"href":"https:\/\/yusif.az\/main\/index.php?rest_route=%2Fwp%2Fv2%2Fmedia&parent=6019"}],"curies":[{"name":"wp","href":"https:\/\/api.w.org\/{rel}","templated":true}]}}